{"id":15930,"date":"2025-03-26T18:38:00","date_gmt":"2025-03-26T18:38:00","guid":{"rendered":"https:\/\/daboomdesserts.com\/?page_id=15930"},"modified":"2025-09-15T13:15:45","modified_gmt":"2025-09-15T13:15:45","slug":"telechargez-notre-catalogue","status":"publish","type":"page","link":"https:\/\/daboomdesserts.com\/fr\/telechargez-notre-catalogue\/","title":{"rendered":"T\u00e9l\u00e9chargez notre catalogue"},"content":{"rendered":"\t\t<div data-elementor-type=\"wp-page\" data-elementor-id=\"15930\" class=\"elementor elementor-15930 elementor-15929\">\n\t\t\t\t\t\t<section class=\"elementor-section elementor-top-section elementor-element elementor-element-95759e9 elementor-section-boxed elementor-section-height-default elementor-section-height-default qodef-elementor-content-no\" data-id=\"95759e9\" data-element_type=\"section\">\n\t\t\t\t\t\t<div class=\"elementor-container elementor-column-gap-default\">\n\t\t\t\t\t<div class=\"elementor-column elementor-col-100 elementor-top-column elementor-element elementor-element-f2da573\" data-id=\"f2da573\" data-element_type=\"column\">\n\t\t\t<div class=\"elementor-widget-wrap elementor-element-populated\">\n\t\t\t\t\t\t<div class=\"elementor-element elementor-element-f984c4d elementor-widget elementor-widget-heading\" data-id=\"f984c4d\" data-element_type=\"widget\" data-widget_type=\"heading.default\">\n\t\t\t\t<div class=\"elementor-widget-container\">\n\t\t\t\t\t<h3 class=\"elementor-heading-title elementor-size-default\"><a href=\"https:\/\/brochure.daboomdesserts.com\/\">Cliquez pour t\u00e9l\u00e9chargez notre catalogue<\/a><\/h3>\t\t\t\t<\/div>\n\t\t\t\t<\/div>\n\t\t\t\t<div class=\"elementor-element elementor-element-37c9026 elementor-widget__width-auto e-transform elementor-widget elementor-widget-swissdelight_core_single_image\" data-id=\"37c9026\" data-element_type=\"widget\" data-settings=\"{&quot;_transform_scale_effect&quot;:{&quot;unit&quot;:&quot;px&quot;,&quot;size&quot;:0.8,&quot;sizes&quot;:[]},&quot;_transform_scale_effect_tablet&quot;:{&quot;unit&quot;:&quot;px&quot;,&quot;size&quot;:&quot;&quot;,&quot;sizes&quot;:[]},&quot;_transform_scale_effect_mobile&quot;:{&quot;unit&quot;:&quot;px&quot;,&quot;size&quot;:&quot;&quot;,&quot;sizes&quot;:[]}}\" data-widget_type=\"swissdelight_core_single_image.default\">\n\t\t\t\t<div class=\"elementor-widget-container\">\n\t\t\t\t\t<div class=\"qodef-shortcode qodef-m  qodef-single-image qodef-layout--default     qodef-hover--none\" >\n\t<div class=\"qodef-m-image\" style=\"transition-delay: 0ms\">\n\t\t\t<a itemprop=\"url\" href=\"https:\/\/brochure.daboomdesserts.com\/\" target=\"_blank\">\n\t\t\t<img fetchpriority=\"high\" decoding=\"async\" width=\"800\" height=\"1031\" src=\"https:\/\/daboomdesserts.com\/wp-content\/uploads\/2025\/09\/Daboom-Brochure-Fall_Winter-2025-26_DIGITAL_FRb_Page_01-1.jpg\" class=\"attachment-full size-full\" alt=\"\" srcset=\"https:\/\/daboomdesserts.com\/wp-content\/uploads\/2025\/09\/Daboom-Brochure-Fall_Winter-2025-26_DIGITAL_FRb_Page_01-1.jpg 800w, https:\/\/daboomdesserts.com\/wp-content\/uploads\/2025\/09\/Daboom-Brochure-Fall_Winter-2025-26_DIGITAL_FRb_Page_01-1-233x300.jpg 233w, https:\/\/daboomdesserts.com\/wp-content\/uploads\/2025\/09\/Daboom-Brochure-Fall_Winter-2025-26_DIGITAL_FRb_Page_01-1-795x1024.jpg 795w, https:\/\/daboomdesserts.com\/wp-content\/uploads\/2025\/09\/Daboom-Brochure-Fall_Winter-2025-26_DIGITAL_FRb_Page_01-1-768x990.jpg 768w\" sizes=\"(max-width: 800px) 100vw, 800px\" \/>\t\t\t<\/a>\n\t<\/div>\n<\/div>\n\t\t\t\t<\/div>\n\t\t\t\t<\/div>\n\t\t\t\t<div class=\"elementor-element elementor-element-4cfb61c elementor-widget elementor-widget-text-editor\" data-id=\"4cfb61c\" data-element_type=\"widget\" data-widget_type=\"text-editor.default\">\n\t\t\t\t<div class=\"elementor-widget-container\">\n\t\t\t\t\t\t\t\t\t<p>Daboom Desserts est une entreprise fi\u00e8rement qu\u00e9b\u00e9coise, certifi\u00e9e ADQ et GFSI\/SQF. Depuis 1985, nous cr\u00e9ons des desserts artisanaux inoubliables, en restant fid\u00e8les \u00e0 une approche humaine et chaleureuse. Daboom est n\u00e9e il y a 40 ans, dans la cuisine familiale de notre fondateur \u00e0 Montr\u00e9al, port\u00e9e par la passion et la cr\u00e9ativit\u00e9. Aujourd\u2019hui, Daboom est une marque de desserts reconnue \u00e0 l\u2019\u00e9chelle nationale, avec une distribution dans chaque province canadienne. Beaucoup de choses ont \u00e9volu\u00e9 au fil des ann\u00e9es : l\u2019obtention de nos certifications ADQ, SQF, Kasher, Halal et Vegecert, l\u2019agrandissement de notre site de production \u00e0 Montr\u00e9al, ainsi que notre engagement \u00e0 comprendre les attentes des Qu\u00e9b\u00e9cois. Mais une chose est rest\u00e9e inchang\u00e9: notre engagement constant envers la qualit\u00e9 de nos desserts artisanaux.<\/p>\t\t\t\t\t\t\t\t<\/div>\n\t\t\t\t<\/div>\n\t\t\t\t<div class=\"elementor-element elementor-element-5200af9 elementor-widget-divider--view-line elementor-widget elementor-widget-divider\" data-id=\"5200af9\" data-element_type=\"widget\" data-widget_type=\"divider.default\">\n\t\t\t\t<div class=\"elementor-widget-container\">\n\t\t\t\t\t\t\t<div class=\"elementor-divider\">\n\t\t\t<span class=\"elementor-divider-separator\">\n\t\t\t\t\t\t<\/span>\n\t\t<\/div>\n\t\t\t\t\t\t<\/div>\n\t\t\t\t<\/div>\n\t\t\t\t\t<\/div>\n\t\t<\/div>\n\t\t\t\t\t<\/div>\n\t\t<\/section>\n\t\t\t\t<section class=\"elementor-section elementor-top-section elementor-element elementor-element-50b9822 elementor-section-boxed elementor-section-height-default elementor-section-height-default qodef-elementor-content-no\" data-id=\"50b9822\" data-element_type=\"section\">\n\t\t\t\t\t\t<div class=\"elementor-container elementor-column-gap-default\">\n\t\t\t\t\t<div class=\"elementor-column elementor-col-100 elementor-top-column elementor-element elementor-element-ea80e79\" data-id=\"ea80e79\" data-element_type=\"column\">\n\t\t\t<div class=\"elementor-widget-wrap elementor-element-populated\">\n\t\t\t\t\t\t<div class=\"elementor-element elementor-element-564ea31 elementor-widget__width-initial elementor-widget elementor-widget-heading\" data-id=\"564ea31\" data-element_type=\"widget\" data-widget_type=\"heading.default\">\n\t\t\t\t<div class=\"elementor-widget-container\">\n\t\t\t\t\t<h3 class=\"elementor-heading-title elementor-size-default\">Contactez-nous pour plus d'informations<\/h3>\t\t\t\t<\/div>\n\t\t\t\t<\/div>\n\t\t\t\t<div class=\"elementor-element elementor-element-a39ca03 elementor-widget__width-initial elementor-widget elementor-widget-hubspot-form\" data-id=\"a39ca03\" data-element_type=\"widget\" data-widget_type=\"hubspot-form.default\">\n\t\t\t\t<div class=\"elementor-widget-container\">\n\t\t\t\t\t\n\t\t\t\t\t\t<script>\n\t\t\t\t\t\t\twindow.hsFormsOnReady = window.hsFormsOnReady || [];\n\t\t\t\t\t\t\twindow.hsFormsOnReady.push(()=>{\n\t\t\t\t\t\t\t\thbspt.forms.create({\n\t\t\t\t\t\t\t\t\tportalId: 43836387,\n\t\t\t\t\t\t\t\t\tformId: \"ae43b203-6d85-4b60-8b1f-69d60723737f\",\n\t\t\t\t\t\t\t\t\ttarget: \"#hbspt-form-1777700355000-4112112900\",\n\t\t\t\t\t\t\t\t\tregion: \"na1\",\n\t\t\t\t\t\t\t\t\t\n\t\t\t\t\t\t\t})});\n\t\t\t\t\t\t<\/script>\n\t\t\t\t\t\t<div class=\"hbspt-form\" id=\"hbspt-form-1777700355000-4112112900\"><\/div>\t\t\t\t<\/div>\n\t\t\t\t<\/div>\n\t\t\t\t\t<\/div>\n\t\t<\/div>\n\t\t\t\t\t<\/div>\n\t\t<\/section>\n\t\t\t\t<section class=\"elementor-section elementor-top-section elementor-element elementor-element-963163a elementor-section-boxed elementor-section-height-default elementor-section-height-default qodef-elementor-content-no\" data-id=\"963163a\" data-element_type=\"section\">\n\t\t\t\t\t\t<div class=\"elementor-container elementor-column-gap-default\">\n\t\t\t\t\t<div class=\"elementor-column elementor-col-100 elementor-top-column elementor-element elementor-element-a609402\" data-id=\"a609402\" data-element_type=\"column\">\n\t\t\t<div class=\"elementor-widget-wrap\">\n\t\t\t\t\t\t\t<\/div>\n\t\t<\/div>\n\t\t\t\t\t<\/div>\n\t\t<\/section>\n\t\t\t\t<\/div>\n\t\t","protected":false},"excerpt":{"rendered":"<p>Cliquez pour t\u00e9l\u00e9chargez notre catalogue Daboom Desserts est une entreprise fi\u00e8rement qu\u00e9b\u00e9coise, certifi\u00e9e ADQ et GFSI\/SQF. Depuis 1985, nous cr\u00e9ons des desserts artisanaux inoubliables, en restant fid\u00e8les \u00e0 une approche humaine et chaleureuse. Daboom est n\u00e9e il y a 40 ans, dans la cuisine familiale de notre fondateur \u00e0 Montr\u00e9al, port\u00e9e par la passion et [&hellip;]<\/p>\n","protected":false},"author":5,"featured_media":15934,"parent":0,"menu_order":0,"comment_status":"closed","ping_status":"closed","template":"","meta":{"_acf_changed":false,"content-type":"","footnotes":""},"class_list":["post-15930","page","type-page","status-publish","has-post-thumbnail","hentry"],"acf":[],"yoast_head":"<!-- This site is optimized with the Yoast SEO plugin v25.5 - https:\/\/yoast.com\/wordpress\/plugins\/seo\/ -->\n<title>T\u00e9l\u00e9chargez notre catalogue - Daboom Desserts<\/title>\n<meta name=\"robots\" content=\"index, follow, max-snippet:-1, max-image-preview:large, max-video-preview:-1\" \/>\n<link rel=\"canonical\" href=\"https:\/\/daboomdesserts.com\/fr\/telechargez-notre-catalogue\/\" \/>\n<meta property=\"og:locale\" content=\"fr_FR\" \/>\n<meta property=\"og:type\" content=\"article\" \/>\n<meta property=\"og:title\" content=\"T\u00e9l\u00e9chargez notre catalogue - Daboom Desserts\" \/>\n<meta property=\"og:description\" content=\"Cliquez pour t\u00e9l\u00e9chargez notre catalogue Daboom Desserts est une entreprise fi\u00e8rement qu\u00e9b\u00e9coise, certifi\u00e9e ADQ et GFSI\/SQF. Depuis 1985, nous cr\u00e9ons des desserts artisanaux inoubliables, en restant fid\u00e8les \u00e0 une approche humaine et chaleureuse. Daboom est n\u00e9e il y a 40 ans, dans la cuisine familiale de notre fondateur \u00e0 Montr\u00e9al, port\u00e9e par la passion et [&hellip;]\" \/>\n<meta property=\"og:url\" content=\"https:\/\/daboomdesserts.com\/fr\/telechargez-notre-catalogue\/\" \/>\n<meta property=\"og:site_name\" content=\"Daboom Desserts\" \/>\n<meta property=\"article:modified_time\" content=\"2025-09-15T13:15:45+00:00\" \/>\n<meta property=\"og:image\" content=\"https:\/\/daboomdesserts.com\/wp-content\/uploads\/2025\/03\/Daboom-Brochure-Spring_Summer-2025_DIGITAL_ENG_Page_01b.jpg\" \/>\n\t<meta property=\"og:image:width\" content=\"800\" \/>\n\t<meta property=\"og:image:height\" content=\"999\" \/>\n\t<meta property=\"og:image:type\" content=\"image\/jpeg\" \/>\n<meta name=\"twitter:card\" content=\"summary_large_image\" \/>\n<meta name=\"twitter:label1\" content=\"Dur\u00e9e de lecture estim\u00e9e\" \/>\n\t<meta name=\"twitter:data1\" content=\"1 minute\" \/>\n<script type=\"application\/ld+json\" class=\"yoast-schema-graph\">{\"@context\":\"https:\/\/schema.org\",\"@graph\":[{\"@type\":\"WebPage\",\"@id\":\"https:\/\/daboomdesserts.com\/fr\/telechargez-notre-catalogue\/\",\"url\":\"https:\/\/daboomdesserts.com\/fr\/telechargez-notre-catalogue\/\",\"name\":\"T\u00e9l\u00e9chargez notre catalogue - Daboom Desserts\",\"isPartOf\":{\"@id\":\"https:\/\/daboomdesserts.com\/#website\"},\"primaryImageOfPage\":{\"@id\":\"https:\/\/daboomdesserts.com\/fr\/telechargez-notre-catalogue\/#primaryimage\"},\"image\":{\"@id\":\"https:\/\/daboomdesserts.com\/fr\/telechargez-notre-catalogue\/#primaryimage\"},\"thumbnailUrl\":\"https:\/\/daboomdesserts.com\/wp-content\/uploads\/2025\/03\/Daboom-Brochure-Spring_Summer-2025_DIGITAL_ENG_Page_01b.jpg\",\"datePublished\":\"2025-03-26T18:38:00+00:00\",\"dateModified\":\"2025-09-15T13:15:45+00:00\",\"breadcrumb\":{\"@id\":\"https:\/\/daboomdesserts.com\/fr\/telechargez-notre-catalogue\/#breadcrumb\"},\"inLanguage\":\"fr-FR\",\"potentialAction\":[{\"@type\":\"ReadAction\",\"target\":[\"https:\/\/daboomdesserts.com\/fr\/telechargez-notre-catalogue\/\"]}]},{\"@type\":\"ImageObject\",\"inLanguage\":\"fr-FR\",\"@id\":\"https:\/\/daboomdesserts.com\/fr\/telechargez-notre-catalogue\/#primaryimage\",\"url\":\"https:\/\/daboomdesserts.com\/wp-content\/uploads\/2025\/03\/Daboom-Brochure-Spring_Summer-2025_DIGITAL_ENG_Page_01b.jpg\",\"contentUrl\":\"https:\/\/daboomdesserts.com\/wp-content\/uploads\/2025\/03\/Daboom-Brochure-Spring_Summer-2025_DIGITAL_ENG_Page_01b.jpg\",\"width\":800,\"height\":999},{\"@type\":\"BreadcrumbList\",\"@id\":\"https:\/\/daboomdesserts.com\/fr\/telechargez-notre-catalogue\/#breadcrumb\",\"itemListElement\":[{\"@type\":\"ListItem\",\"position\":1,\"name\":\"Home\",\"item\":\"https:\/\/daboomdesserts.com\/fr\/\"},{\"@type\":\"ListItem\",\"position\":2,\"name\":\"T\u00e9l\u00e9chargez notre catalogue\"}]},{\"@type\":\"WebSite\",\"@id\":\"https:\/\/daboomdesserts.com\/#website\",\"url\":\"https:\/\/daboomdesserts.com\/\",\"name\":\"Daboom Desserts\",\"description\":\"Daboom Desserts a pour objectif de cr\u00e9er des plaisirs gourmands artisanaux, faits \u00e0 la main et inoubliables \u00e0 partir d\u2019ingr\u00e9dients s\u00e9lectionn\u00e9s de source responsable.\",\"potentialAction\":[{\"@type\":\"SearchAction\",\"target\":{\"@type\":\"EntryPoint\",\"urlTemplate\":\"https:\/\/daboomdesserts.com\/?s={search_term_string}\"},\"query-input\":{\"@type\":\"PropertyValueSpecification\",\"valueRequired\":true,\"valueName\":\"search_term_string\"}}],\"inLanguage\":\"fr-FR\"}]}<\/script>\n<!-- \/ Yoast SEO plugin. -->","yoast_head_json":{"title":"T\u00e9l\u00e9chargez notre catalogue - Daboom Desserts","robots":{"index":"index","follow":"follow","max-snippet":"max-snippet:-1","max-image-preview":"max-image-preview:large","max-video-preview":"max-video-preview:-1"},"canonical":"https:\/\/daboomdesserts.com\/fr\/telechargez-notre-catalogue\/","og_locale":"fr_FR","og_type":"article","og_title":"T\u00e9l\u00e9chargez notre catalogue - Daboom Desserts","og_description":"Cliquez pour t\u00e9l\u00e9chargez notre catalogue Daboom Desserts est une entreprise fi\u00e8rement qu\u00e9b\u00e9coise, certifi\u00e9e ADQ et GFSI\/SQF. Depuis 1985, nous cr\u00e9ons des desserts artisanaux inoubliables, en restant fid\u00e8les \u00e0 une approche humaine et chaleureuse. Daboom est n\u00e9e il y a 40 ans, dans la cuisine familiale de notre fondateur \u00e0 Montr\u00e9al, port\u00e9e par la passion et [&hellip;]","og_url":"https:\/\/daboomdesserts.com\/fr\/telechargez-notre-catalogue\/","og_site_name":"Daboom Desserts","article_modified_time":"2025-09-15T13:15:45+00:00","og_image":[{"width":800,"height":999,"url":"https:\/\/daboomdesserts.com\/wp-content\/uploads\/2025\/03\/Daboom-Brochure-Spring_Summer-2025_DIGITAL_ENG_Page_01b.jpg","type":"image\/jpeg"}],"twitter_card":"summary_large_image","twitter_misc":{"Dur\u00e9e de lecture estim\u00e9e":"1 minute"},"schema":{"@context":"https:\/\/schema.org","@graph":[{"@type":"WebPage","@id":"https:\/\/daboomdesserts.com\/fr\/telechargez-notre-catalogue\/","url":"https:\/\/daboomdesserts.com\/fr\/telechargez-notre-catalogue\/","name":"T\u00e9l\u00e9chargez notre catalogue - Daboom Desserts","isPartOf":{"@id":"https:\/\/daboomdesserts.com\/#website"},"primaryImageOfPage":{"@id":"https:\/\/daboomdesserts.com\/fr\/telechargez-notre-catalogue\/#primaryimage"},"image":{"@id":"https:\/\/daboomdesserts.com\/fr\/telechargez-notre-catalogue\/#primaryimage"},"thumbnailUrl":"https:\/\/daboomdesserts.com\/wp-content\/uploads\/2025\/03\/Daboom-Brochure-Spring_Summer-2025_DIGITAL_ENG_Page_01b.jpg","datePublished":"2025-03-26T18:38:00+00:00","dateModified":"2025-09-15T13:15:45+00:00","breadcrumb":{"@id":"https:\/\/daboomdesserts.com\/fr\/telechargez-notre-catalogue\/#breadcrumb"},"inLanguage":"fr-FR","potentialAction":[{"@type":"ReadAction","target":["https:\/\/daboomdesserts.com\/fr\/telechargez-notre-catalogue\/"]}]},{"@type":"ImageObject","inLanguage":"fr-FR","@id":"https:\/\/daboomdesserts.com\/fr\/telechargez-notre-catalogue\/#primaryimage","url":"https:\/\/daboomdesserts.com\/wp-content\/uploads\/2025\/03\/Daboom-Brochure-Spring_Summer-2025_DIGITAL_ENG_Page_01b.jpg","contentUrl":"https:\/\/daboomdesserts.com\/wp-content\/uploads\/2025\/03\/Daboom-Brochure-Spring_Summer-2025_DIGITAL_ENG_Page_01b.jpg","width":800,"height":999},{"@type":"BreadcrumbList","@id":"https:\/\/daboomdesserts.com\/fr\/telechargez-notre-catalogue\/#breadcrumb","itemListElement":[{"@type":"ListItem","position":1,"name":"Home","item":"https:\/\/daboomdesserts.com\/fr\/"},{"@type":"ListItem","position":2,"name":"T\u00e9l\u00e9chargez notre catalogue"}]},{"@type":"WebSite","@id":"https:\/\/daboomdesserts.com\/#website","url":"https:\/\/daboomdesserts.com\/","name":"Daboom Desserts","description":"Daboom Desserts a pour objectif de cr\u00e9er des plaisirs gourmands artisanaux, faits \u00e0 la main et inoubliables \u00e0 partir d\u2019ingr\u00e9dients s\u00e9lectionn\u00e9s de source responsable.","potentialAction":[{"@type":"SearchAction","target":{"@type":"EntryPoint","urlTemplate":"https:\/\/daboomdesserts.com\/?s={search_term_string}"},"query-input":{"@type":"PropertyValueSpecification","valueRequired":true,"valueName":"search_term_string"}}],"inLanguage":"fr-FR"}]}},"_links":{"self":[{"href":"https:\/\/daboomdesserts.com\/fr\/wp-json\/wp\/v2\/pages\/15930"}],"collection":[{"href":"https:\/\/daboomdesserts.com\/fr\/wp-json\/wp\/v2\/pages"}],"about":[{"href":"https:\/\/daboomdesserts.com\/fr\/wp-json\/wp\/v2\/types\/page"}],"author":[{"embeddable":true,"href":"https:\/\/daboomdesserts.com\/fr\/wp-json\/wp\/v2\/users\/5"}],"replies":[{"embeddable":true,"href":"https:\/\/daboomdesserts.com\/fr\/wp-json\/wp\/v2\/comments?post=15930"}],"version-history":[{"count":8,"href":"https:\/\/daboomdesserts.com\/fr\/wp-json\/wp\/v2\/pages\/15930\/revisions"}],"predecessor-version":[{"id":16142,"href":"https:\/\/daboomdesserts.com\/fr\/wp-json\/wp\/v2\/pages\/15930\/revisions\/16142"}],"wp:featuredmedia":[{"embeddable":true,"href":"https:\/\/daboomdesserts.com\/fr\/wp-json\/wp\/v2\/media\/15934"}],"wp:attachment":[{"href":"https:\/\/daboomdesserts.com\/fr\/wp-json\/wp\/v2\/media?parent=15930"}],"curies":[{"name":"wp","href":"https:\/\/api.w.org\/{rel}","templated":true}]}}