{"id":13855,"date":"2021-02-11T12:07:52","date_gmt":"2021-02-11T12:07:52","guid":{"rendered":"https:\/\/staging.daboomdesserts.com\/contact-us\/"},"modified":"2026-02-11T20:37:06","modified_gmt":"2026-02-11T20:37:06","slug":"contactez-nous","status":"publish","type":"page","link":"https:\/\/daboomdesserts.com\/fr\/contactez-nous\/","title":{"rendered":"Contactez"},"content":{"rendered":"\t\t<div data-elementor-type=\"wp-page\" data-elementor-id=\"13855\" class=\"elementor elementor-13855 elementor-5042\">\n\t\t\t\t\t\t<section class=\"elementor-section elementor-top-section elementor-element elementor-element-84e8706 qodef-elementor-content-grid pt pb elementor-section-boxed elementor-section-height-default elementor-section-height-default\" data-id=\"84e8706\" data-element_type=\"section\" id=\"contact\">\n\t\t\t\t\t\t<div class=\"elementor-container elementor-column-gap-default\">\n\t\t\t\t\t<div class=\"elementor-column elementor-col-100 elementor-top-column elementor-element elementor-element-9d66c2a\" data-id=\"9d66c2a\" data-element_type=\"column\">\n\t\t\t<div class=\"elementor-widget-wrap elementor-element-populated\">\n\t\t\t\t\t\t<div class=\"elementor-element elementor-element-2fa3ec6 elementor-widget__width-initial elementor-widget elementor-widget-swissdelight_core_section_title\" data-id=\"2fa3ec6\" data-element_type=\"widget\" data-widget_type=\"swissdelight_core_section_title.default\">\n\t\t\t\t<div class=\"elementor-widget-container\">\n\t\t\t\t\t<div class=\"qodef-shortcode qodef-m  qodef-section-title qodef-alignment--center  qodef-appear-animation--enabled\">\n\t\t<span class=\"qodef-m-tagline\" >Envoyez-nous un message<\/span>\n\t\t<p class=\"qodef-m-text\" style=\"margin-top: 15px\">Nos repr\u00e9sentants du service \u00e0 la client\u00e8le sont heureux de vous aider<\/p>\n\t<\/div>\n\t\t\t\t<\/div>\n\t\t\t\t<\/div>\n\t\t\t\t<div class=\"elementor-element elementor-element-55c567d elementor-widget elementor-widget-wp-widget-swissdelight_core_contact_form_7\" data-id=\"55c567d\" data-element_type=\"widget\" data-widget_type=\"wp-widget-swissdelight_core_contact_form_7.default\">\n\t\t\t\t<div class=\"elementor-widget-container\">\n\t\t\t\t\t\t\t\t<div class=\"qodef-contact-form-7\">\n\t\t\t\t\n<div class=\"wpcf7 no-js\" id=\"wpcf7-f13910-o1\" lang=\"fr-FR\" dir=\"ltr\">\n<div class=\"screen-reader-response\"><p role=\"status\" aria-live=\"polite\" aria-atomic=\"true\"><\/p> <ul><\/ul><\/div>\n<form action=\"\/fr\/wp-json\/wp\/v2\/pages\/13855#wpcf7-f13910-o1\" method=\"post\" class=\"wpcf7-form init\" aria-label=\"Formulaire de contact\" novalidate=\"novalidate\" data-status=\"init\">\n<div style=\"display: none;\">\n<input type=\"hidden\" name=\"_wpcf7\" value=\"13910\" \/>\n<input type=\"hidden\" name=\"_wpcf7_version\" value=\"5.9.8\" \/>\n<input type=\"hidden\" name=\"_wpcf7_locale\" value=\"fr_FR\" \/>\n<input type=\"hidden\" name=\"_wpcf7_unit_tag\" value=\"wpcf7-f13910-o1\" \/>\n<input type=\"hidden\" name=\"_wpcf7_container_post\" value=\"0\" \/>\n<input type=\"hidden\" name=\"_wpcf7_posted_data_hash\" value=\"\" \/>\n<input type=\"hidden\" name=\"_wpcf7_recaptcha_response\" value=\"\" \/>\n<\/div>\n<div class=\"qodef-about-us\">\n<span class=\"wpcf7-form-control-wrap\" data-name=\"your-name\"><input size=\"40\" maxlength=\"400\" class=\"wpcf7-form-control wpcf7-text wpcf7-validates-as-required\" aria-required=\"true\" aria-invalid=\"false\" placeholder=\"Nom\" value=\"\" type=\"text\" name=\"your-name\" \/><\/span>\n<span class=\"wpcf7-form-control-wrap\" data-name=\"your-company\"><input size=\"40\" maxlength=\"400\" class=\"wpcf7-form-control wpcf7-text\" aria-invalid=\"false\" placeholder=\"Nom de l&#039;entreprise\" value=\"\" type=\"text\" name=\"your-company\" \/><\/span>\n<span class=\"wpcf7-form-control-wrap\" data-name=\"your-phone\"><input size=\"40\" maxlength=\"400\" class=\"wpcf7-form-control wpcf7-tel wpcf7-validates-as-required wpcf7-text wpcf7-validates-as-tel\" aria-required=\"true\" aria-invalid=\"false\" placeholder=\"T\u00e9l\u00e9phone\" value=\"\" type=\"tel\" name=\"your-phone\" \/><\/span>\n<span class=\"wpcf7-form-control-wrap\" data-name=\"your-email\"><input size=\"40\" maxlength=\"400\" class=\"wpcf7-form-control wpcf7-email wpcf7-validates-as-required wpcf7-text wpcf7-validates-as-email\" aria-required=\"true\" aria-invalid=\"false\" placeholder=\"Courriel\" value=\"\" type=\"email\" name=\"your-email\" \/><\/span>\n<span class=\"wpcf7-form-control-wrap\" data-name=\"your-message\"><textarea cols=\"40\" rows=\"7\" maxlength=\"2000\" class=\"wpcf7-form-control wpcf7-textarea\" aria-invalid=\"false\" placeholder=\"Message\" name=\"your-message\"><\/textarea><\/span>\n<button class=\"wpcf7-form-control wpcf7-submit qodef-layout--outlined qodef-button qodef-size--normal qodef-layout--filled qodef-m\" type=\"submit\"><span class=\"qodef-m-border--top-left\"><\/span><span class=\"qodef-m-border--bottom-right\"><\/span><span class=\"qodef-m-text\">ENVOYER<\/span><\/button><\/div><div class=\"wpcf7-response-output\" aria-hidden=\"true\"><\/div>\n<\/form>\n<\/div>\n\t\t\t<\/div>\n\t\t\t\t\t\t\t<\/div>\n\t\t\t\t<\/div>\n\t\t\t\t\t<\/div>\n\t\t<\/div>\n\t\t\t\t\t<\/div>\n\t\t<\/section>\n\t\t\t\t<section class=\"elementor-section elementor-top-section elementor-element elementor-element-eeb7e56 qodef-elementor-content-grid elementor-section-content-middle elementor-section-stretched pt pb elementor-section-boxed elementor-section-height-default elementor-section-height-default\" data-id=\"eeb7e56\" data-element_type=\"section\" id=\"contact-page\" data-settings=\"{&quot;background_background&quot;:&quot;classic&quot;,&quot;stretch_section&quot;:&quot;section-stretched&quot;}\">\n\t\t\t\t\t\t<div class=\"elementor-container elementor-column-gap-default\">\n\t\t\t\t\t<div class=\"elementor-column elementor-col-50 elementor-top-column elementor-element elementor-element-4a8b97d\" data-id=\"4a8b97d\" data-element_type=\"column\">\n\t\t\t<div class=\"elementor-widget-wrap elementor-element-populated\">\n\t\t\t\t\t\t<div class=\"elementor-element elementor-element-92aea92 elementor-widget elementor-widget-swissdelight_core_section_title\" data-id=\"92aea92\" data-element_type=\"widget\" data-widget_type=\"swissdelight_core_section_title.default\">\n\t\t\t\t<div class=\"elementor-widget-container\">\n\t\t\t\t\t<div class=\"qodef-shortcode qodef-m  qodef-section-title qodef-alignment--left  qodef-appear-animation--enabled\">\n\t\t<span class=\"qodef-m-tagline\" >Coordonn\u00e9es<\/span>\n\t<h5 class=\"qodef-m-title\" >\n\t\t\tSi\u00e8ge Social\t<\/h5>\n\t\t<\/div>\n\t\t\t\t<\/div>\n\t\t\t\t<\/div>\n\t\t\t\t<div class=\"elementor-element elementor-element-7a89834 elementor-widget elementor-widget-heading\" data-id=\"7a89834\" data-element_type=\"widget\" data-widget_type=\"heading.default\">\n\t\t\t\t<div class=\"elementor-widget-container\">\n\t\t\t\t\t<p class=\"elementor-heading-title elementor-size-default\"><a href=\"https:\/\/goo.gl\/maps\/UW8F3g4kd86R53uE9\" target=\"_blank\">915 Mont\u00e9e de Liesse, Saint Laurent, Montr\u00e9al QC H4T 1R2<\/a><\/p>\t\t\t\t<\/div>\n\t\t\t\t<\/div>\n\t\t\t\t<div class=\"elementor-element elementor-element-505ed77 elementor-widget elementor-widget-heading\" data-id=\"505ed77\" data-element_type=\"widget\" data-widget_type=\"heading.default\">\n\t\t\t\t<div class=\"elementor-widget-container\">\n\t\t\t\t\t<p class=\"elementor-heading-title elementor-size-default\"><a href=\"tel:5147399111\">T\u00e9l: 514 739-9111<\/a><\/p>\t\t\t\t<\/div>\n\t\t\t\t<\/div>\n\t\t\t\t<div class=\"elementor-element elementor-element-f7e711b elementor-widget elementor-widget-heading\" data-id=\"f7e711b\" data-element_type=\"widget\" data-widget_type=\"heading.default\">\n\t\t\t\t<div class=\"elementor-widget-container\">\n\t\t\t\t\t<p class=\"elementor-heading-title elementor-size-default\"><a href=\"tel:5147399494\">Fax: 514 739-9494<\/a><\/p>\t\t\t\t<\/div>\n\t\t\t\t<\/div>\n\t\t\t\t<div class=\"elementor-element elementor-element-ae17a41 elementor-widget elementor-widget-heading\" data-id=\"ae17a41\" data-element_type=\"widget\" data-widget_type=\"heading.default\">\n\t\t\t\t<div class=\"elementor-widget-container\">\n\t\t\t\t\t<p class=\"elementor-heading-title elementor-size-default\"><a href=\"tel:18883273223\">Sans frais: 1 888 327-3223<\/a><\/p>\t\t\t\t<\/div>\n\t\t\t\t<\/div>\n\t\t\t\t<div class=\"elementor-element elementor-element-1f4d928 elementor-widget elementor-widget-heading\" data-id=\"1f4d928\" data-element_type=\"widget\" data-widget_type=\"heading.default\">\n\t\t\t\t<div class=\"elementor-widget-container\">\n\t\t\t\t\t<p class=\"elementor-heading-title elementor-size-default\"><a href=\"mailto:Customercare@daboomdesserts.com\">Customercare@daboomdesserts.com<\/a><\/p>\t\t\t\t<\/div>\n\t\t\t\t<\/div>\n\t\t\t\t\t<\/div>\n\t\t<\/div>\n\t\t\t\t<div class=\"elementor-column elementor-col-50 elementor-top-column elementor-element elementor-element-92e0c3b\" data-id=\"92e0c3b\" data-element_type=\"column\">\n\t\t\t<div class=\"elementor-widget-wrap elementor-element-populated\">\n\t\t\t\t\t\t<section class=\"elementor-section elementor-inner-section elementor-element elementor-element-dbb19b6 elementor-section-content-middle elementor-section-boxed elementor-section-height-default elementor-section-height-default qodef-elementor-content-no\" data-id=\"dbb19b6\" data-element_type=\"section\">\n\t\t\t\t\t\t<div class=\"elementor-container elementor-column-gap-default\">\n\t\t\t\t\t<div class=\"elementor-column elementor-col-20 elementor-inner-column elementor-element elementor-element-17516a3\" data-id=\"17516a3\" data-element_type=\"column\">\n\t\t\t<div class=\"elementor-widget-wrap elementor-element-populated\">\n\t\t\t\t\t\t<div class=\"elementor-element elementor-element-594f211 elementor-widget elementor-widget-image\" data-id=\"594f211\" data-element_type=\"widget\" data-widget_type=\"image.default\">\n\t\t\t\t<div class=\"elementor-widget-container\">\n\t\t\t\t\t\t\t\t\t\t\t\t\t\t\t<img decoding=\"async\" width=\"165\" height=\"167\" src=\"https:\/\/daboomdesserts.com\/wp-content\/uploads\/2021\/11\/vegan.png\" class=\"attachment-large size-large wp-image-13602\" alt=\"\" srcset=\"https:\/\/daboomdesserts.com\/wp-content\/uploads\/2021\/11\/vegan.png 165w, https:\/\/daboomdesserts.com\/wp-content\/uploads\/2021\/11\/vegan-100x100.png 100w\" sizes=\"(max-width: 165px) 100vw, 165px\" \/>\t\t\t\t\t\t\t\t\t\t\t\t\t\t\t<\/div>\n\t\t\t\t<\/div>\n\t\t\t\t\t<\/div>\n\t\t<\/div>\n\t\t\t\t<div class=\"elementor-column elementor-col-20 elementor-inner-column elementor-element elementor-element-fa73096\" data-id=\"fa73096\" data-element_type=\"column\">\n\t\t\t<div class=\"elementor-widget-wrap elementor-element-populated\">\n\t\t\t\t\t\t<div class=\"elementor-element elementor-element-691d4f9 elementor-widget elementor-widget-image\" data-id=\"691d4f9\" data-element_type=\"widget\" data-widget_type=\"image.default\">\n\t\t\t\t<div class=\"elementor-widget-container\">\n\t\t\t\t\t\t\t\t\t\t\t\t\t\t\t<img decoding=\"async\" width=\"178\" height=\"181\" src=\"https:\/\/daboomdesserts.com\/wp-content\/uploads\/2021\/11\/vegetarian-1.png\" class=\"attachment-large size-large wp-image-13605\" alt=\"\" \/>\t\t\t\t\t\t\t\t\t\t\t\t\t\t\t<\/div>\n\t\t\t\t<\/div>\n\t\t\t\t\t<\/div>\n\t\t<\/div>\n\t\t\t\t<div class=\"elementor-column elementor-col-20 elementor-inner-column elementor-element elementor-element-d2f87d5\" data-id=\"d2f87d5\" data-element_type=\"column\">\n\t\t\t<div class=\"elementor-widget-wrap elementor-element-populated\">\n\t\t\t\t\t\t<div class=\"elementor-element elementor-element-1f587ed elementor-widget elementor-widget-image\" data-id=\"1f587ed\" data-element_type=\"widget\" data-widget_type=\"image.default\">\n\t\t\t\t<div class=\"elementor-widget-container\">\n\t\t\t\t\t\t\t\t\t\t\t\t\t\t\t<img fetchpriority=\"high\" decoding=\"async\" width=\"1024\" height=\"572\" src=\"https:\/\/daboomdesserts.com\/wp-content\/uploads\/2022\/02\/ADQ-adherente-entreprise-2-1024x572.png\" class=\"attachment-large size-large wp-image-15043\" alt=\"\" srcset=\"https:\/\/daboomdesserts.com\/wp-content\/uploads\/2022\/02\/ADQ-adherente-entreprise-2-1024x572.png 1024w, https:\/\/daboomdesserts.com\/wp-content\/uploads\/2022\/02\/ADQ-adherente-entreprise-2-300x168.png 300w, https:\/\/daboomdesserts.com\/wp-content\/uploads\/2022\/02\/ADQ-adherente-entreprise-2-768x429.png 768w, https:\/\/daboomdesserts.com\/wp-content\/uploads\/2022\/02\/ADQ-adherente-entreprise-2-1536x858.png 1536w, https:\/\/daboomdesserts.com\/wp-content\/uploads\/2022\/02\/ADQ-adherente-entreprise-2.png 1833w\" sizes=\"(max-width: 1024px) 100vw, 1024px\" \/>\t\t\t\t\t\t\t\t\t\t\t\t\t\t\t<\/div>\n\t\t\t\t<\/div>\n\t\t\t\t\t<\/div>\n\t\t<\/div>\n\t\t\t\t<div class=\"elementor-column elementor-col-20 elementor-inner-column elementor-element elementor-element-ce5bd43\" data-id=\"ce5bd43\" data-element_type=\"column\">\n\t\t\t<div class=\"elementor-widget-wrap elementor-element-populated\">\n\t\t\t\t\t\t<div class=\"elementor-element elementor-element-535d338 elementor-widget elementor-widget-image\" data-id=\"535d338\" data-element_type=\"widget\" data-widget_type=\"image.default\">\n\t\t\t\t<div class=\"elementor-widget-container\">\n\t\t\t\t\t\t\t\t\t\t\t\t\t\t\t<img loading=\"lazy\" decoding=\"async\" width=\"446\" height=\"446\" src=\"https:\/\/daboomdesserts.com\/wp-content\/uploads\/2024\/05\/halal.png\" class=\"attachment-large size-large wp-image-15652\" alt=\"\" srcset=\"https:\/\/daboomdesserts.com\/wp-content\/uploads\/2024\/05\/halal.png 446w, https:\/\/daboomdesserts.com\/wp-content\/uploads\/2024\/05\/halal-300x300.png 300w, https:\/\/daboomdesserts.com\/wp-content\/uploads\/2024\/05\/halal-150x150.png 150w\" sizes=\"(max-width: 446px) 100vw, 446px\" \/>\t\t\t\t\t\t\t\t\t\t\t\t\t\t\t<\/div>\n\t\t\t\t<\/div>\n\t\t\t\t\t<\/div>\n\t\t<\/div>\n\t\t\t\t<div class=\"elementor-column elementor-col-20 elementor-inner-column elementor-element elementor-element-d5d0a9b\" data-id=\"d5d0a9b\" data-element_type=\"column\">\n\t\t\t<div class=\"elementor-widget-wrap elementor-element-populated\">\n\t\t\t\t\t\t<div class=\"elementor-element elementor-element-765ab30 elementor-widget elementor-widget-image\" data-id=\"765ab30\" data-element_type=\"widget\" data-widget_type=\"image.default\">\n\t\t\t\t<div class=\"elementor-widget-container\">\n\t\t\t\t\t\t\t\t\t\t\t\t\t\t\t<img loading=\"lazy\" decoding=\"async\" width=\"568\" height=\"439\" src=\"https:\/\/daboomdesserts.com\/wp-content\/uploads\/2024\/09\/kosher_fr.png\" class=\"attachment-large size-large wp-image-15697\" alt=\"\" srcset=\"https:\/\/daboomdesserts.com\/wp-content\/uploads\/2024\/09\/kosher_fr.png 568w, https:\/\/daboomdesserts.com\/wp-content\/uploads\/2024\/09\/kosher_fr-300x232.png 300w\" sizes=\"(max-width: 568px) 100vw, 568px\" \/>\t\t\t\t\t\t\t\t\t\t\t\t\t\t\t<\/div>\n\t\t\t\t<\/div>\n\t\t\t\t\t<\/div>\n\t\t<\/div>\n\t\t\t\t\t<\/div>\n\t\t<\/section>\n\t\t\t\t\t<\/div>\n\t\t<\/div>\n\t\t\t\t\t<\/div>\n\t\t<\/section>\n\t\t\t\t<\/div>\n\t\t","protected":false},"excerpt":{"rendered":"<p>Envoyez-nous un message Nos repr\u00e9sentants du service \u00e0 la client\u00e8le sont heureux de vous aider Coordonn\u00e9es Si\u00e8ge Social 915 Mont\u00e9e de Liesse, Saint Laurent, Montr\u00e9al QC H4T 1R2 T\u00e9l: 514 739-9111 Fax: 514 739-9494 Sans frais: 1 888 327-3223 Customercare@daboomdesserts.com<\/p>\n","protected":false},"author":5,"featured_media":0,"parent":0,"menu_order":0,"comment_status":"closed","ping_status":"closed","template":"page-full-width.php","meta":{"_acf_changed":false,"content-type":"","footnotes":""},"class_list":["post-13855","page","type-page","status-publish","hentry"],"acf":[],"yoast_head":"<!-- This site is optimized with the Yoast SEO plugin v25.5 - https:\/\/yoast.com\/wordpress\/plugins\/seo\/ -->\n<title>Contactez - Daboom Desserts<\/title>\n<meta name=\"robots\" content=\"index, follow, max-snippet:-1, max-image-preview:large, max-video-preview:-1\" \/>\n<link rel=\"canonical\" href=\"https:\/\/daboomdesserts.com\/fr\/contactez-nous\/\" \/>\n<meta property=\"og:locale\" content=\"fr_FR\" \/>\n<meta property=\"og:type\" content=\"article\" \/>\n<meta property=\"og:title\" content=\"Contactez - Daboom Desserts\" \/>\n<meta property=\"og:description\" content=\"Envoyez-nous un message Nos repr\u00e9sentants du service \u00e0 la client\u00e8le sont heureux de vous aider Coordonn\u00e9es Si\u00e8ge Social 915 Mont\u00e9e de Liesse, Saint Laurent, Montr\u00e9al QC H4T 1R2 T\u00e9l: 514 739-9111 Fax: 514 739-9494 Sans frais: 1 888 327-3223 Customercare@daboomdesserts.com\" \/>\n<meta property=\"og:url\" content=\"https:\/\/daboomdesserts.com\/fr\/contactez-nous\/\" \/>\n<meta property=\"og:site_name\" content=\"Daboom Desserts\" \/>\n<meta property=\"article:modified_time\" content=\"2026-02-11T20:37:06+00:00\" \/>\n<meta property=\"og:image\" content=\"https:\/\/daboomdesserts.com\/wp-content\/uploads\/2021\/11\/vegan.png\" \/>\n\t<meta property=\"og:image:width\" content=\"165\" \/>\n\t<meta property=\"og:image:height\" content=\"167\" \/>\n\t<meta property=\"og:image:type\" content=\"image\/png\" \/>\n<meta name=\"twitter:card\" content=\"summary_large_image\" \/>\n<meta name=\"twitter:label1\" content=\"Dur\u00e9e de lecture estim\u00e9e\" \/>\n\t<meta name=\"twitter:data1\" content=\"2 minutes\" \/>\n<script type=\"application\/ld+json\" class=\"yoast-schema-graph\">{\"@context\":\"https:\/\/schema.org\",\"@graph\":[{\"@type\":\"WebPage\",\"@id\":\"https:\/\/daboomdesserts.com\/fr\/contactez-nous\/\",\"url\":\"https:\/\/daboomdesserts.com\/fr\/contactez-nous\/\",\"name\":\"Contactez - Daboom Desserts\",\"isPartOf\":{\"@id\":\"https:\/\/daboomdesserts.com\/#website\"},\"primaryImageOfPage\":{\"@id\":\"https:\/\/daboomdesserts.com\/fr\/contactez-nous\/#primaryimage\"},\"image\":{\"@id\":\"https:\/\/daboomdesserts.com\/fr\/contactez-nous\/#primaryimage\"},\"thumbnailUrl\":\"https:\/\/daboomdesserts.com\/wp-content\/uploads\/2021\/11\/vegan.png\",\"datePublished\":\"2021-02-11T12:07:52+00:00\",\"dateModified\":\"2026-02-11T20:37:06+00:00\",\"breadcrumb\":{\"@id\":\"https:\/\/daboomdesserts.com\/fr\/contactez-nous\/#breadcrumb\"},\"inLanguage\":\"fr-FR\",\"potentialAction\":[{\"@type\":\"ReadAction\",\"target\":[\"https:\/\/daboomdesserts.com\/fr\/contactez-nous\/\"]}]},{\"@type\":\"ImageObject\",\"inLanguage\":\"fr-FR\",\"@id\":\"https:\/\/daboomdesserts.com\/fr\/contactez-nous\/#primaryimage\",\"url\":\"https:\/\/daboomdesserts.com\/wp-content\/uploads\/2021\/11\/vegan.png\",\"contentUrl\":\"https:\/\/daboomdesserts.com\/wp-content\/uploads\/2021\/11\/vegan.png\"},{\"@type\":\"BreadcrumbList\",\"@id\":\"https:\/\/daboomdesserts.com\/fr\/contactez-nous\/#breadcrumb\",\"itemListElement\":[{\"@type\":\"ListItem\",\"position\":1,\"name\":\"Home\",\"item\":\"https:\/\/daboomdesserts.com\/fr\/\"},{\"@type\":\"ListItem\",\"position\":2,\"name\":\"Contactez\"}]},{\"@type\":\"WebSite\",\"@id\":\"https:\/\/daboomdesserts.com\/#website\",\"url\":\"https:\/\/daboomdesserts.com\/\",\"name\":\"Daboom Desserts\",\"description\":\"Daboom Desserts a pour objectif de cr\u00e9er des plaisirs gourmands artisanaux, faits \u00e0 la main et inoubliables \u00e0 partir d\u2019ingr\u00e9dients s\u00e9lectionn\u00e9s de source responsable.\",\"potentialAction\":[{\"@type\":\"SearchAction\",\"target\":{\"@type\":\"EntryPoint\",\"urlTemplate\":\"https:\/\/daboomdesserts.com\/?s={search_term_string}\"},\"query-input\":{\"@type\":\"PropertyValueSpecification\",\"valueRequired\":true,\"valueName\":\"search_term_string\"}}],\"inLanguage\":\"fr-FR\"}]}<\/script>\n<!-- \/ Yoast SEO plugin. -->","yoast_head_json":{"title":"Contactez - Daboom Desserts","robots":{"index":"index","follow":"follow","max-snippet":"max-snippet:-1","max-image-preview":"max-image-preview:large","max-video-preview":"max-video-preview:-1"},"canonical":"https:\/\/daboomdesserts.com\/fr\/contactez-nous\/","og_locale":"fr_FR","og_type":"article","og_title":"Contactez - Daboom Desserts","og_description":"Envoyez-nous un message Nos repr\u00e9sentants du service \u00e0 la client\u00e8le sont heureux de vous aider Coordonn\u00e9es Si\u00e8ge Social 915 Mont\u00e9e de Liesse, Saint Laurent, Montr\u00e9al QC H4T 1R2 T\u00e9l: 514 739-9111 Fax: 514 739-9494 Sans frais: 1 888 327-3223 Customercare@daboomdesserts.com","og_url":"https:\/\/daboomdesserts.com\/fr\/contactez-nous\/","og_site_name":"Daboom Desserts","article_modified_time":"2026-02-11T20:37:06+00:00","og_image":[{"width":165,"height":167,"url":"https:\/\/daboomdesserts.com\/wp-content\/uploads\/2021\/11\/vegan.png","type":"image\/png"}],"twitter_card":"summary_large_image","twitter_misc":{"Dur\u00e9e de lecture estim\u00e9e":"2 minutes"},"schema":{"@context":"https:\/\/schema.org","@graph":[{"@type":"WebPage","@id":"https:\/\/daboomdesserts.com\/fr\/contactez-nous\/","url":"https:\/\/daboomdesserts.com\/fr\/contactez-nous\/","name":"Contactez - Daboom Desserts","isPartOf":{"@id":"https:\/\/daboomdesserts.com\/#website"},"primaryImageOfPage":{"@id":"https:\/\/daboomdesserts.com\/fr\/contactez-nous\/#primaryimage"},"image":{"@id":"https:\/\/daboomdesserts.com\/fr\/contactez-nous\/#primaryimage"},"thumbnailUrl":"https:\/\/daboomdesserts.com\/wp-content\/uploads\/2021\/11\/vegan.png","datePublished":"2021-02-11T12:07:52+00:00","dateModified":"2026-02-11T20:37:06+00:00","breadcrumb":{"@id":"https:\/\/daboomdesserts.com\/fr\/contactez-nous\/#breadcrumb"},"inLanguage":"fr-FR","potentialAction":[{"@type":"ReadAction","target":["https:\/\/daboomdesserts.com\/fr\/contactez-nous\/"]}]},{"@type":"ImageObject","inLanguage":"fr-FR","@id":"https:\/\/daboomdesserts.com\/fr\/contactez-nous\/#primaryimage","url":"https:\/\/daboomdesserts.com\/wp-content\/uploads\/2021\/11\/vegan.png","contentUrl":"https:\/\/daboomdesserts.com\/wp-content\/uploads\/2021\/11\/vegan.png"},{"@type":"BreadcrumbList","@id":"https:\/\/daboomdesserts.com\/fr\/contactez-nous\/#breadcrumb","itemListElement":[{"@type":"ListItem","position":1,"name":"Home","item":"https:\/\/daboomdesserts.com\/fr\/"},{"@type":"ListItem","position":2,"name":"Contactez"}]},{"@type":"WebSite","@id":"https:\/\/daboomdesserts.com\/#website","url":"https:\/\/daboomdesserts.com\/","name":"Daboom Desserts","description":"Daboom Desserts a pour objectif de cr\u00e9er des plaisirs gourmands artisanaux, faits \u00e0 la main et inoubliables \u00e0 partir d\u2019ingr\u00e9dients s\u00e9lectionn\u00e9s de source responsable.","potentialAction":[{"@type":"SearchAction","target":{"@type":"EntryPoint","urlTemplate":"https:\/\/daboomdesserts.com\/?s={search_term_string}"},"query-input":{"@type":"PropertyValueSpecification","valueRequired":true,"valueName":"search_term_string"}}],"inLanguage":"fr-FR"}]}},"_links":{"self":[{"href":"https:\/\/daboomdesserts.com\/fr\/wp-json\/wp\/v2\/pages\/13855"}],"collection":[{"href":"https:\/\/daboomdesserts.com\/fr\/wp-json\/wp\/v2\/pages"}],"about":[{"href":"https:\/\/daboomdesserts.com\/fr\/wp-json\/wp\/v2\/types\/page"}],"author":[{"embeddable":true,"href":"https:\/\/daboomdesserts.com\/fr\/wp-json\/wp\/v2\/users\/5"}],"replies":[{"embeddable":true,"href":"https:\/\/daboomdesserts.com\/fr\/wp-json\/wp\/v2\/comments?post=13855"}],"version-history":[{"count":61,"href":"https:\/\/daboomdesserts.com\/fr\/wp-json\/wp\/v2\/pages\/13855\/revisions"}],"predecessor-version":[{"id":16265,"href":"https:\/\/daboomdesserts.com\/fr\/wp-json\/wp\/v2\/pages\/13855\/revisions\/16265"}],"wp:attachment":[{"href":"https:\/\/daboomdesserts.com\/fr\/wp-json\/wp\/v2\/media?parent=13855"}],"curies":[{"name":"wp","href":"https:\/\/api.w.org\/{rel}","templated":true}]}}