{"id":13838,"date":"2021-11-22T17:07:00","date_gmt":"2021-11-22T17:07:00","guid":{"rendered":"https:\/\/staging.daboomdesserts.com\/single-servings\/"},"modified":"2024-04-29T13:40:33","modified_gmt":"2024-04-29T13:40:33","slug":"portions-individuelles","status":"publish","type":"page","link":"https:\/\/daboomdesserts.com\/fr\/portions-individuelles\/","title":{"rendered":"Portions individuelles"},"content":{"rendered":"\t\t<div data-elementor-type=\"wp-page\" data-elementor-id=\"13838\" class=\"elementor elementor-13838 elementor-12561\">\n\t\t\t\t\t\t<section class=\"elementor-section elementor-top-section elementor-element elementor-element-edf250d elementor-section-boxed elementor-section-height-default elementor-section-height-default qodef-elementor-content-no\" data-id=\"edf250d\" data-element_type=\"section\">\n\t\t\t\t\t\t<div class=\"elementor-container elementor-column-gap-default\">\n\t\t\t\t\t<div class=\"elementor-column elementor-col-100 elementor-top-column elementor-element elementor-element-5f6b584\" data-id=\"5f6b584\" data-element_type=\"column\">\n\t\t\t<div class=\"elementor-widget-wrap elementor-element-populated\">\n\t\t\t\t\t\t<div class=\"elementor-element elementor-element-b0c4e80 elementor-widget elementor-widget-text-editor\" data-id=\"b0c4e80\" data-element_type=\"widget\" data-widget_type=\"text-editor.default\">\n\t\t\t\t<div class=\"elementor-widget-container\">\n\t\t\t\t\t\t\t\t\t<p>La derni\u00e8re cat\u00e9gorie de desserts de Daboom propose une s\u00e9lection de composants et de desserts r\u00e9put\u00e9s pour leur facilit\u00e9 de pr\u00e9paration, leurs portions g\u00e9n\u00e9reuses et leurs recettes authentiques. Ces desserts sont des classiques intemporels sans couleur ou saveur artificielle.<\/p>\t\t\t\t\t\t\t\t<\/div>\n\t\t\t\t<\/div>\n\t\t\t\t\t<\/div>\n\t\t<\/div>\n\t\t\t\t\t<\/div>\n\t\t<\/section>\n\t\t\t\t<section class=\"elementor-section elementor-top-section elementor-element elementor-element-682434c elementor-section-stretched elementor-section-boxed elementor-section-height-default elementor-section-height-default qodef-elementor-content-no\" data-id=\"682434c\" data-element_type=\"section\" id=\"our-desserts\" data-settings=\"{&quot;stretch_section&quot;:&quot;section-stretched&quot;}\">\n\t\t\t\t\t\t<div class=\"elementor-container elementor-column-gap-default\">\n\t\t\t\t\t<div class=\"elementor-column elementor-col-100 elementor-top-column elementor-element elementor-element-fe0d111\" data-id=\"fe0d111\" data-element_type=\"column\">\n\t\t\t<div class=\"elementor-widget-wrap elementor-element-populated\">\n\t\t\t\t\t\t<div class=\"elementor-element elementor-element-c1c87ca elementor-widget elementor-widget-swissdelight_core_portfolio_list\" data-id=\"c1c87ca\" data-element_type=\"widget\" data-widget_type=\"swissdelight_core_portfolio_list.default\">\n\t\t\t\t<div class=\"elementor-widget-container\">\n\t\t\t\t\t<div class=\"qodef-shortcode qodef-m custom-row qodef-portfolio-list qodef-item-layout--info-below qodef-grid qodef-layout--columns  qodef-gutter--normal qodef-col-num--4 qodef-item-layout--info-below qodef--no-bottom-space qodef-pagination--off qodef-responsive--predefined qodef-hover-animation--overlay\" data-options=\"{&quot;plugin&quot;:&quot;swissdelight_core&quot;,&quot;module&quot;:&quot;post-types\\\/portfolio\\\/shortcodes&quot;,&quot;shortcode&quot;:&quot;portfolio-list&quot;,&quot;post_type&quot;:&quot;portfolio-item&quot;,&quot;next_page&quot;:&quot;2&quot;,&quot;max_pages_num&quot;:1,&quot;custom_class&quot;:&quot;custom-row&quot;,&quot;behavior&quot;:&quot;columns&quot;,&quot;images_proportion&quot;:&quot;full&quot;,&quot;columns&quot;:&quot;4&quot;,&quot;columns_responsive&quot;:&quot;predefined&quot;,&quot;space&quot;:&quot;normal&quot;,&quot;posts_per_page&quot;:&quot;9&quot;,&quot;orderby&quot;:&quot;date&quot;,&quot;order&quot;:&quot;DESC&quot;,&quot;additional_params&quot;:&quot;tax&quot;,&quot;tax&quot;:&quot;portfolio-category&quot;,&quot;tax__in&quot;:&quot;81&quot;,&quot;layout&quot;:&quot;info-below&quot;,&quot;hover_animation_info-below&quot;:&quot;overlay&quot;,&quot;hover_animation_info-on-hover&quot;:&quot;fade-in&quot;,&quot;title_tag&quot;:&quot;h5&quot;,&quot;custom_padding&quot;:&quot;no&quot;,&quot;pagination_type&quot;:&quot;no-pagination&quot;,&quot;object_class_name&quot;:&quot;SwissDelightCore_Portfolio_List_Shortcode&quot;,&quot;taxonomy_filter&quot;:&quot;portfolio-category&quot;,&quot;additional_query_args&quot;:{&quot;tax_query&quot;:[{&quot;taxonomy&quot;:&quot;portfolio-category&quot;,&quot;field&quot;:&quot;term_id&quot;,&quot;terms&quot;:[81]}]},&quot;space_value&quot;:15}\">\n\t\t<div class=\"qodef-grid-inner clear\">\n\t\t<article class=\"qodef-e qodef-grid-item qodef-item--full post-13787 portfolio-item type-portfolio-item status-publish has-post-thumbnail hentry portfolio-category-portions-individuelles\">\n\t<div class=\"qodef-e-inner\" >\n\t\t<div class=\"qodef-e-image\">\n\t\t\t\t<div class=\"qodef-e-media-image\">\n\t\t<a itemprop=\"url\" href=\"https:\/\/daboomdesserts.com\/fr\/portfolio-item\/creme-anglaise\/\">\n\t\t\t<img fetchpriority=\"high\" decoding=\"async\" width=\"709\" height=\"803\" src=\"https:\/\/daboomdesserts.com\/wp-content\/uploads\/2021\/11\/English-Creme-2.jpg\" class=\"attachment-full size-full wp-post-image\" alt=\"\" srcset=\"https:\/\/daboomdesserts.com\/wp-content\/uploads\/2021\/11\/English-Creme-2.jpg 709w, https:\/\/daboomdesserts.com\/wp-content\/uploads\/2021\/11\/English-Creme-2-265x300.jpg 265w\" sizes=\"(max-width: 709px) 100vw, 709px\" \/>\t\t<\/a>\n\t<\/div>\n\t\t<\/div>\n\t\t<div class=\"qodef-e-content\" >\n\t\t\t<div class=\"qodef-e-info qodef-info--top\">\n\t\t\t\t<h5 itemprop=\"name\" class=\"qodef-e-title entry-title\" >\n\t<a itemprop=\"url\" class=\"qodef-e-title-link\" href=\"https:\/\/daboomdesserts.com\/fr\/portfolio-item\/creme-anglaise\/\">\n\t\tCr\u00e8me Anglaise\t<\/a>\n<\/h5>\n\t\t\t<\/div>\n\t\t\t\t<div class=\"qodef-e qodef-info--category\">\n\t\t<a href=\"https:\/\/daboomdesserts.com\/fr\/portfolio-category\/portions-individuelles\/\" rel=\"tag\">Portions individuelles<\/a>\t\t<div class=\"qodef-info-separator-end\"><\/div>\n\t<\/div>\n\t\t<\/div>\n\t<\/div>\n<\/article>\n<article class=\"qodef-e qodef-grid-item qodef-item--full post-13799 portfolio-item type-portfolio-item status-publish has-post-thumbnail hentry portfolio-category-portions-individuelles\">\n\t<div class=\"qodef-e-inner\" >\n\t\t<div class=\"qodef-e-image\">\n\t\t\t\t<div class=\"qodef-e-media-image\">\n\t\t<a itemprop=\"url\" href=\"https:\/\/daboomdesserts.com\/fr\/portfolio-item\/molten\/\">\n\t\t\t<img decoding=\"async\" width=\"800\" height=\"1000\" src=\"https:\/\/daboomdesserts.com\/wp-content\/uploads\/2021\/10\/molten_website_01-e1742499981412.jpg\" class=\"attachment-full size-full wp-post-image\" alt=\"\" \/>\t\t<\/a>\n\t<\/div>\n\t\t<\/div>\n\t\t<div class=\"qodef-e-content\" >\n\t\t\t<div class=\"qodef-e-info qodef-info--top\">\n\t\t\t\t<h5 itemprop=\"name\" class=\"qodef-e-title entry-title\" >\n\t<a itemprop=\"url\" class=\"qodef-e-title-link\" href=\"https:\/\/daboomdesserts.com\/fr\/portfolio-item\/molten\/\">\n\t\tMolten\t<\/a>\n<\/h5>\n\t\t\t<\/div>\n\t\t\t\t<div class=\"qodef-e qodef-info--category\">\n\t\t<a href=\"https:\/\/daboomdesserts.com\/fr\/portfolio-category\/portions-individuelles\/\" rel=\"tag\">Portions individuelles<\/a>\t\t<div class=\"qodef-info-separator-end\"><\/div>\n\t<\/div>\n\t\t<\/div>\n\t<\/div>\n<\/article>\n<article class=\"qodef-e qodef-grid-item qodef-item--full post-13800 portfolio-item type-portfolio-item status-publish has-post-thumbnail hentry portfolio-category-portions-individuelles\">\n\t<div class=\"qodef-e-inner\" >\n\t\t<div class=\"qodef-e-image\">\n\t\t\t\t<div class=\"qodef-e-media-image\">\n\t\t<a itemprop=\"url\" href=\"https:\/\/daboomdesserts.com\/fr\/portfolio-item\/creme-brulee\/\">\n\t\t\t<img decoding=\"async\" width=\"732\" height=\"803\" src=\"https:\/\/daboomdesserts.com\/wp-content\/uploads\/2021\/10\/CB-site-1.jpg\" class=\"attachment-full size-full wp-post-image\" alt=\"\" srcset=\"https:\/\/daboomdesserts.com\/wp-content\/uploads\/2021\/10\/CB-site-1.jpg 732w, https:\/\/daboomdesserts.com\/wp-content\/uploads\/2021\/10\/CB-site-1-273x300.jpg 273w\" sizes=\"(max-width: 732px) 100vw, 732px\" \/>\t\t<\/a>\n\t<\/div>\n\t\t<\/div>\n\t\t<div class=\"qodef-e-content\" >\n\t\t\t<div class=\"qodef-e-info qodef-info--top\">\n\t\t\t\t<h5 itemprop=\"name\" class=\"qodef-e-title entry-title\" >\n\t<a itemprop=\"url\" class=\"qodef-e-title-link\" href=\"https:\/\/daboomdesserts.com\/fr\/portfolio-item\/creme-brulee\/\">\n\t\tCr\u00e8me Br\u00fbl\u00e9e\t<\/a>\n<\/h5>\n\t\t\t<\/div>\n\t\t\t\t<div class=\"qodef-e qodef-info--category\">\n\t\t<a href=\"https:\/\/daboomdesserts.com\/fr\/portfolio-category\/portions-individuelles\/\" rel=\"tag\">Portions individuelles<\/a>\t\t<div class=\"qodef-info-separator-end\"><\/div>\n\t<\/div>\n\t\t<\/div>\n\t<\/div>\n<\/article>\n\t<\/div>\n\t<\/div>\n\t\t\t\t<\/div>\n\t\t\t\t<\/div>\n\t\t\t\t\t<\/div>\n\t\t<\/div>\n\t\t\t\t\t<\/div>\n\t\t<\/section>\n\t\t\t\t<section class=\"elementor-section elementor-top-section elementor-element elementor-element-99a366c elementor-section-boxed elementor-section-height-default elementor-section-height-default qodef-elementor-content-no\" data-id=\"99a366c\" data-element_type=\"section\">\n\t\t\t\t\t\t<div class=\"elementor-container elementor-column-gap-default\">\n\t\t\t\t\t<div class=\"elementor-column elementor-col-100 elementor-top-column elementor-element elementor-element-c1716be\" data-id=\"c1716be\" data-element_type=\"column\">\n\t\t\t<div class=\"elementor-widget-wrap elementor-element-populated\">\n\t\t\t\t\t\t<section class=\"elementor-section elementor-inner-section elementor-element elementor-element-a9ffefe elementor-section-boxed elementor-section-height-default elementor-section-height-default qodef-elementor-content-no\" data-id=\"a9ffefe\" data-element_type=\"section\">\n\t\t\t\t\t\t<div class=\"elementor-container elementor-column-gap-default\">\n\t\t\t\t\t<div class=\"elementor-column elementor-col-50 elementor-inner-column elementor-element elementor-element-951075f\" data-id=\"951075f\" data-element_type=\"column\">\n\t\t\t<div class=\"elementor-widget-wrap elementor-element-populated\">\n\t\t\t\t\t\t<div class=\"elementor-element elementor-element-bd15530 text-right text-xs-center cat-btn elementor-widget elementor-widget-wp-widget-swissdelight_core_button\" data-id=\"bd15530\" data-element_type=\"widget\" data-widget_type=\"wp-widget-swissdelight_core_button.default\">\n\t\t\t\t<div class=\"elementor-widget-container\">\n\t\t\t\t\t<a class=\"qodef-shortcode qodef-m  qodef-button qodef-layout--filled  qodef-html--link  \" href=\"\/fr\/plaisirs-decadentes\/\" target=\"_self\" data-hover-background-color=\"#000\" style=\"background-color: #f89aba\">\n\t<span class=\"qodef-m-text\">Cat\u00e9gorie Pr\u00e9c\u00e9dente\t\t\t<\/span>\n<\/a>\n\t\t\t\t<\/div>\n\t\t\t\t<\/div>\n\t\t\t\t\t<\/div>\n\t\t<\/div>\n\t\t\t\t<div class=\"elementor-column elementor-col-50 elementor-inner-column elementor-element elementor-element-bde17f2\" data-id=\"bde17f2\" data-element_type=\"column\">\n\t\t\t<div class=\"elementor-widget-wrap elementor-element-populated\">\n\t\t\t\t\t\t<div class=\"elementor-element elementor-element-3def067 cat-btn text-xs-center elementor-widget elementor-widget-wp-widget-swissdelight_core_button\" data-id=\"3def067\" data-element_type=\"widget\" data-widget_type=\"wp-widget-swissdelight_core_button.default\">\n\t\t\t\t<div class=\"elementor-widget-container\">\n\t\t\t\t\t<a class=\"qodef-shortcode qodef-m  qodef-button qodef-layout--filled  qodef-html--link  \" href=\"\/fr\/desserts-vegetaliens\/\" target=\"_self\" data-hover-background-color=\"#000\" style=\"background-color: #f89aba\">\n\t<span class=\"qodef-m-text\">Cat\u00e9gorie Suivante\t\t\t<\/span>\n<\/a>\n\t\t\t\t<\/div>\n\t\t\t\t<\/div>\n\t\t\t\t\t<\/div>\n\t\t<\/div>\n\t\t\t\t\t<\/div>\n\t\t<\/section>\n\t\t\t\t\t<\/div>\n\t\t<\/div>\n\t\t\t\t\t<\/div>\n\t\t<\/section>\n\t\t\t\t<\/div>\n\t\t","protected":false},"excerpt":{"rendered":"<p>La derni\u00e8re cat\u00e9gorie de desserts de Daboom propose une s\u00e9lection de composants et de desserts r\u00e9put\u00e9s pour leur facilit\u00e9 de pr\u00e9paration, leurs portions g\u00e9n\u00e9reuses et leurs recettes authentiques. Ces desserts sont des classiques intemporels sans couleur ou saveur artificielle. English Cream Single Serving Molten Single Serving Cr\u00e8me Br\u00fbl\u00e9e Single Serving<\/p>\n","protected":false},"author":5,"featured_media":0,"parent":0,"menu_order":0,"comment_status":"closed","ping_status":"closed","template":"","meta":{"_acf_changed":false,"content-type":"","footnotes":""},"class_list":["post-13838","page","type-page","status-publish","hentry"],"acf":[],"yoast_head":"<!-- This site is optimized with the Yoast SEO plugin v25.5 - https:\/\/yoast.com\/wordpress\/plugins\/seo\/ -->\n<title>Portions individuelles - Daboom Desserts<\/title>\n<meta name=\"robots\" content=\"index, follow, max-snippet:-1, max-image-preview:large, max-video-preview:-1\" \/>\n<link rel=\"canonical\" href=\"https:\/\/daboomdesserts.com\/single-servings\/\" \/>\n<meta property=\"og:locale\" content=\"fr_FR\" \/>\n<meta property=\"og:type\" content=\"article\" \/>\n<meta property=\"og:title\" content=\"Portions individuelles - Daboom Desserts\" \/>\n<meta property=\"og:description\" content=\"La derni\u00e8re cat\u00e9gorie de desserts de Daboom propose une s\u00e9lection de composants et de desserts r\u00e9put\u00e9s pour leur facilit\u00e9 de pr\u00e9paration, leurs portions g\u00e9n\u00e9reuses et leurs recettes authentiques. Ces desserts sont des classiques intemporels sans couleur ou saveur artificielle. English Cream Single Serving Molten Single Serving Cr\u00e8me Br\u00fbl\u00e9e Single Serving\" \/>\n<meta property=\"og:url\" content=\"https:\/\/daboomdesserts.com\/single-servings\/\" \/>\n<meta property=\"og:site_name\" content=\"Daboom Desserts\" \/>\n<meta property=\"article:modified_time\" content=\"2024-04-29T13:40:33+00:00\" \/>\n<meta property=\"og:image\" content=\"https:\/\/daboomdesserts.com\/wp-content\/uploads\/2021\/11\/English-Creme-2.jpg\" \/>\n<meta name=\"twitter:card\" content=\"summary_large_image\" \/>\n<meta name=\"twitter:label1\" content=\"Dur\u00e9e de lecture estim\u00e9e\" \/>\n\t<meta name=\"twitter:data1\" content=\"1 minute\" \/>\n<script type=\"application\/ld+json\" class=\"yoast-schema-graph\">{\"@context\":\"https:\/\/schema.org\",\"@graph\":[{\"@type\":\"WebPage\",\"@id\":\"https:\/\/daboomdesserts.com\/single-servings\/\",\"url\":\"https:\/\/daboomdesserts.com\/single-servings\/\",\"name\":\"Portions individuelles - Daboom Desserts\",\"isPartOf\":{\"@id\":\"https:\/\/daboomdesserts.com\/#website\"},\"primaryImageOfPage\":{\"@id\":\"https:\/\/daboomdesserts.com\/single-servings\/#primaryimage\"},\"image\":{\"@id\":\"https:\/\/daboomdesserts.com\/single-servings\/#primaryimage\"},\"thumbnailUrl\":\"https:\/\/daboomdesserts.com\/wp-content\/uploads\/2021\/11\/English-Creme-2.jpg\",\"datePublished\":\"2021-11-22T17:07:00+00:00\",\"dateModified\":\"2024-04-29T13:40:33+00:00\",\"breadcrumb\":{\"@id\":\"https:\/\/daboomdesserts.com\/single-servings\/#breadcrumb\"},\"inLanguage\":\"fr-FR\",\"potentialAction\":[{\"@type\":\"ReadAction\",\"target\":[\"https:\/\/daboomdesserts.com\/single-servings\/\"]}]},{\"@type\":\"ImageObject\",\"inLanguage\":\"fr-FR\",\"@id\":\"https:\/\/daboomdesserts.com\/single-servings\/#primaryimage\",\"url\":\"https:\/\/daboomdesserts.com\/wp-content\/uploads\/2021\/11\/English-Creme-2.jpg\",\"contentUrl\":\"https:\/\/daboomdesserts.com\/wp-content\/uploads\/2021\/11\/English-Creme-2.jpg\"},{\"@type\":\"BreadcrumbList\",\"@id\":\"https:\/\/daboomdesserts.com\/single-servings\/#breadcrumb\",\"itemListElement\":[{\"@type\":\"ListItem\",\"position\":1,\"name\":\"Home\",\"item\":\"https:\/\/daboomdesserts.com\/fr\/\"},{\"@type\":\"ListItem\",\"position\":2,\"name\":\"Portions individuelles\"}]},{\"@type\":\"WebSite\",\"@id\":\"https:\/\/daboomdesserts.com\/#website\",\"url\":\"https:\/\/daboomdesserts.com\/\",\"name\":\"Daboom Desserts\",\"description\":\"Daboom Desserts a pour objectif de cr\u00e9er des plaisirs gourmands artisanaux, faits \u00e0 la main et inoubliables \u00e0 partir d\u2019ingr\u00e9dients s\u00e9lectionn\u00e9s de source responsable.\",\"potentialAction\":[{\"@type\":\"SearchAction\",\"target\":{\"@type\":\"EntryPoint\",\"urlTemplate\":\"https:\/\/daboomdesserts.com\/?s={search_term_string}\"},\"query-input\":{\"@type\":\"PropertyValueSpecification\",\"valueRequired\":true,\"valueName\":\"search_term_string\"}}],\"inLanguage\":\"fr-FR\"}]}<\/script>\n<!-- \/ Yoast SEO plugin. -->","yoast_head_json":{"title":"Portions individuelles - Daboom Desserts","robots":{"index":"index","follow":"follow","max-snippet":"max-snippet:-1","max-image-preview":"max-image-preview:large","max-video-preview":"max-video-preview:-1"},"canonical":"https:\/\/daboomdesserts.com\/single-servings\/","og_locale":"fr_FR","og_type":"article","og_title":"Portions individuelles - Daboom Desserts","og_description":"La derni\u00e8re cat\u00e9gorie de desserts de Daboom propose une s\u00e9lection de composants et de desserts r\u00e9put\u00e9s pour leur facilit\u00e9 de pr\u00e9paration, leurs portions g\u00e9n\u00e9reuses et leurs recettes authentiques. Ces desserts sont des classiques intemporels sans couleur ou saveur artificielle. English Cream Single Serving Molten Single Serving Cr\u00e8me Br\u00fbl\u00e9e Single Serving","og_url":"https:\/\/daboomdesserts.com\/single-servings\/","og_site_name":"Daboom Desserts","article_modified_time":"2024-04-29T13:40:33+00:00","og_image":[{"url":"https:\/\/daboomdesserts.com\/wp-content\/uploads\/2021\/11\/English-Creme-2.jpg","type":"","width":"","height":""}],"twitter_card":"summary_large_image","twitter_misc":{"Dur\u00e9e de lecture estim\u00e9e":"1 minute"},"schema":{"@context":"https:\/\/schema.org","@graph":[{"@type":"WebPage","@id":"https:\/\/daboomdesserts.com\/single-servings\/","url":"https:\/\/daboomdesserts.com\/single-servings\/","name":"Portions individuelles - Daboom Desserts","isPartOf":{"@id":"https:\/\/daboomdesserts.com\/#website"},"primaryImageOfPage":{"@id":"https:\/\/daboomdesserts.com\/single-servings\/#primaryimage"},"image":{"@id":"https:\/\/daboomdesserts.com\/single-servings\/#primaryimage"},"thumbnailUrl":"https:\/\/daboomdesserts.com\/wp-content\/uploads\/2021\/11\/English-Creme-2.jpg","datePublished":"2021-11-22T17:07:00+00:00","dateModified":"2024-04-29T13:40:33+00:00","breadcrumb":{"@id":"https:\/\/daboomdesserts.com\/single-servings\/#breadcrumb"},"inLanguage":"fr-FR","potentialAction":[{"@type":"ReadAction","target":["https:\/\/daboomdesserts.com\/single-servings\/"]}]},{"@type":"ImageObject","inLanguage":"fr-FR","@id":"https:\/\/daboomdesserts.com\/single-servings\/#primaryimage","url":"https:\/\/daboomdesserts.com\/wp-content\/uploads\/2021\/11\/English-Creme-2.jpg","contentUrl":"https:\/\/daboomdesserts.com\/wp-content\/uploads\/2021\/11\/English-Creme-2.jpg"},{"@type":"BreadcrumbList","@id":"https:\/\/daboomdesserts.com\/single-servings\/#breadcrumb","itemListElement":[{"@type":"ListItem","position":1,"name":"Home","item":"https:\/\/daboomdesserts.com\/fr\/"},{"@type":"ListItem","position":2,"name":"Portions individuelles"}]},{"@type":"WebSite","@id":"https:\/\/daboomdesserts.com\/#website","url":"https:\/\/daboomdesserts.com\/","name":"Daboom Desserts","description":"Daboom Desserts a pour objectif de cr\u00e9er des plaisirs gourmands artisanaux, faits \u00e0 la main et inoubliables \u00e0 partir d\u2019ingr\u00e9dients s\u00e9lectionn\u00e9s de source responsable.","potentialAction":[{"@type":"SearchAction","target":{"@type":"EntryPoint","urlTemplate":"https:\/\/daboomdesserts.com\/?s={search_term_string}"},"query-input":{"@type":"PropertyValueSpecification","valueRequired":true,"valueName":"search_term_string"}}],"inLanguage":"fr-FR"}]}},"_links":{"self":[{"href":"https:\/\/daboomdesserts.com\/fr\/wp-json\/wp\/v2\/pages\/13838"}],"collection":[{"href":"https:\/\/daboomdesserts.com\/fr\/wp-json\/wp\/v2\/pages"}],"about":[{"href":"https:\/\/daboomdesserts.com\/fr\/wp-json\/wp\/v2\/types\/page"}],"author":[{"embeddable":true,"href":"https:\/\/daboomdesserts.com\/fr\/wp-json\/wp\/v2\/users\/5"}],"replies":[{"embeddable":true,"href":"https:\/\/daboomdesserts.com\/fr\/wp-json\/wp\/v2\/comments?post=13838"}],"version-history":[{"count":24,"href":"https:\/\/daboomdesserts.com\/fr\/wp-json\/wp\/v2\/pages\/13838\/revisions"}],"predecessor-version":[{"id":15621,"href":"https:\/\/daboomdesserts.com\/fr\/wp-json\/wp\/v2\/pages\/13838\/revisions\/15621"}],"wp:attachment":[{"href":"https:\/\/daboomdesserts.com\/fr\/wp-json\/wp\/v2\/media?parent=13838"}],"curies":[{"name":"wp","href":"https:\/\/api.w.org\/{rel}","templated":true}]}}