{"id":13835,"date":"2021-11-22T17:21:42","date_gmt":"2021-11-22T17:21:42","guid":{"rendered":"https:\/\/staging.daboomdesserts.com\/chocolate-cakes\/"},"modified":"2024-04-29T13:37:53","modified_gmt":"2024-04-29T13:37:53","slug":"gateaux-au-chocolat","status":"publish","type":"page","link":"https:\/\/daboomdesserts.com\/fr\/gateaux-au-chocolat\/","title":{"rendered":"G\u00e2teaux Au Chocolat"},"content":{"rendered":"\t\t<div data-elementor-type=\"wp-page\" data-elementor-id=\"13835\" class=\"elementor elementor-13835 elementor-12577\">\n\t\t\t\t\t\t<section class=\"elementor-section elementor-top-section elementor-element elementor-element-821cc8c elementor-section-boxed elementor-section-height-default elementor-section-height-default qodef-elementor-content-no\" data-id=\"821cc8c\" data-element_type=\"section\">\n\t\t\t\t\t\t<div class=\"elementor-container elementor-column-gap-default\">\n\t\t\t\t\t<div class=\"elementor-column elementor-col-100 elementor-top-column elementor-element elementor-element-4b99fd4\" data-id=\"4b99fd4\" data-element_type=\"column\">\n\t\t\t<div class=\"elementor-widget-wrap elementor-element-populated\">\n\t\t\t\t\t\t<div class=\"elementor-element elementor-element-ffd3246 elementor-widget elementor-widget-text-editor\" data-id=\"ffd3246\" data-element_type=\"widget\" data-widget_type=\"text-editor.default\">\n\t\t\t\t<div class=\"elementor-widget-container\">\n\t\t\t\t\t\t\t\t\t<p>CHOCOLAT, CHOCOLAT et plus de CHOCOLAT.<\/p><p>Il existe depuis 4000 ans et repr\u00e9sente toujours la cat\u00e9gorie #1 dans les desserts. Dans la mesure du possible, nous utilisons le commerce \u00e9quitable en m\u00e9langeant du chocolat noir, du lait, du blanc, de la liqueur et du chocolat semi-sucr\u00e9 pour cr\u00e9er des ganaches, des garnitures, des copeaux et des morceaux fabriqu\u00e9s \u00e0 la main. Nous sommes fiers de vous pr\u00e9senter nos g\u00e2teaux au chocolat passionn\u00e9s et riches en histoire.<\/p>\t\t\t\t\t\t\t\t<\/div>\n\t\t\t\t<\/div>\n\t\t\t\t\t<\/div>\n\t\t<\/div>\n\t\t\t\t\t<\/div>\n\t\t<\/section>\n\t\t\t\t<section class=\"elementor-section elementor-top-section elementor-element elementor-element-682434c elementor-section-stretched elementor-section-boxed elementor-section-height-default elementor-section-height-default qodef-elementor-content-no\" data-id=\"682434c\" data-element_type=\"section\" id=\"our-desserts\" data-settings=\"{&quot;stretch_section&quot;:&quot;section-stretched&quot;}\">\n\t\t\t\t\t\t<div class=\"elementor-container elementor-column-gap-default\">\n\t\t\t\t\t<div class=\"elementor-column elementor-col-100 elementor-top-column elementor-element elementor-element-fe0d111\" data-id=\"fe0d111\" data-element_type=\"column\">\n\t\t\t<div class=\"elementor-widget-wrap elementor-element-populated\">\n\t\t\t\t\t\t<div class=\"elementor-element elementor-element-c1c87ca elementor-widget elementor-widget-swissdelight_core_portfolio_list\" data-id=\"c1c87ca\" data-element_type=\"widget\" data-widget_type=\"swissdelight_core_portfolio_list.default\">\n\t\t\t\t<div class=\"elementor-widget-container\">\n\t\t\t\t\t<div class=\"qodef-shortcode qodef-m custom-row qodef-portfolio-list qodef-item-layout--info-below qodef-grid qodef-layout--columns  qodef-gutter--normal qodef-col-num--4 qodef-item-layout--info-below qodef--no-bottom-space qodef-pagination--off qodef-responsive--predefined qodef-hover-animation--overlay\" data-options=\"{&quot;plugin&quot;:&quot;swissdelight_core&quot;,&quot;module&quot;:&quot;post-types\\\/portfolio\\\/shortcodes&quot;,&quot;shortcode&quot;:&quot;portfolio-list&quot;,&quot;post_type&quot;:&quot;portfolio-item&quot;,&quot;next_page&quot;:&quot;2&quot;,&quot;max_pages_num&quot;:1,&quot;custom_class&quot;:&quot;custom-row&quot;,&quot;behavior&quot;:&quot;columns&quot;,&quot;images_proportion&quot;:&quot;full&quot;,&quot;columns&quot;:&quot;4&quot;,&quot;columns_responsive&quot;:&quot;predefined&quot;,&quot;space&quot;:&quot;normal&quot;,&quot;posts_per_page&quot;:&quot;9&quot;,&quot;orderby&quot;:&quot;date&quot;,&quot;order&quot;:&quot;DESC&quot;,&quot;additional_params&quot;:&quot;tax&quot;,&quot;tax&quot;:&quot;portfolio-category&quot;,&quot;tax__in&quot;:&quot;79&quot;,&quot;layout&quot;:&quot;info-below&quot;,&quot;hover_animation_info-below&quot;:&quot;overlay&quot;,&quot;hover_animation_info-on-hover&quot;:&quot;fade-in&quot;,&quot;title_tag&quot;:&quot;h5&quot;,&quot;custom_padding&quot;:&quot;no&quot;,&quot;pagination_type&quot;:&quot;no-pagination&quot;,&quot;object_class_name&quot;:&quot;SwissDelightCore_Portfolio_List_Shortcode&quot;,&quot;taxonomy_filter&quot;:&quot;portfolio-category&quot;,&quot;additional_query_args&quot;:{&quot;tax_query&quot;:[{&quot;taxonomy&quot;:&quot;portfolio-category&quot;,&quot;field&quot;:&quot;term_id&quot;,&quot;terms&quot;:[79]}]},&quot;space_value&quot;:15}\">\n\t\t<div class=\"qodef-grid-inner clear\">\n\t\t<article class=\"qodef-e qodef-grid-item qodef-item--full post-16038 portfolio-item type-portfolio-item status-publish has-post-thumbnail hentry portfolio-category-gateaux-au-chocolat\">\n\t<div class=\"qodef-e-inner\" >\n\t\t<div class=\"qodef-e-image\">\n\t\t\t\t<div class=\"qodef-e-media-image\">\n\t\t<a itemprop=\"url\" href=\"https:\/\/daboomdesserts.com\/fr\/portfolio-item\/saveur-de-dubai\/\">\n\t\t\t<img fetchpriority=\"high\" decoding=\"async\" width=\"700\" height=\"875\" src=\"https:\/\/daboomdesserts.com\/wp-content\/uploads\/2025\/09\/TasteOfDubai_thumbnail.jpg\" class=\"attachment-full size-full wp-post-image\" alt=\"\" srcset=\"https:\/\/daboomdesserts.com\/wp-content\/uploads\/2025\/09\/TasteOfDubai_thumbnail.jpg 700w, https:\/\/daboomdesserts.com\/wp-content\/uploads\/2025\/09\/TasteOfDubai_thumbnail-240x300.jpg 240w\" sizes=\"(max-width: 700px) 100vw, 700px\" \/>\t\t<\/a>\n\t<\/div>\n\t\t<\/div>\n\t\t<div class=\"qodef-e-content\" >\n\t\t\t<div class=\"qodef-e-info qodef-info--top\">\n\t\t\t\t<h5 itemprop=\"name\" class=\"qodef-e-title entry-title\" >\n\t<a itemprop=\"url\" class=\"qodef-e-title-link\" href=\"https:\/\/daboomdesserts.com\/fr\/portfolio-item\/saveur-de-dubai\/\">\n\t\tSaveur de Duba\u00ef &#8211; G\u00e2teau au chocolat et pistache\t<\/a>\n<\/h5>\n\t\t\t<\/div>\n\t\t\t\t<div class=\"qodef-e qodef-info--category\">\n\t\t<a href=\"https:\/\/daboomdesserts.com\/fr\/portfolio-category\/gateaux-au-chocolat\/\" rel=\"tag\">G\u00e2teaux au chocolat<\/a>\t\t<div class=\"qodef-info-separator-end\"><\/div>\n\t<\/div>\n\t\t<\/div>\n\t<\/div>\n<\/article>\n<article class=\"qodef-e qodef-grid-item qodef-item--full post-15713 portfolio-item type-portfolio-item status-publish has-post-thumbnail hentry portfolio-category-gateaux-au-chocolat\">\n\t<div class=\"qodef-e-inner\" >\n\t\t<div class=\"qodef-e-image\">\n\t\t\t\t<div class=\"qodef-e-media-image\">\n\t\t<a itemprop=\"url\" href=\"https:\/\/daboomdesserts.com\/fr\/portfolio-item\/foret-noire-avec-creme-du-mascarpone-3-etages\/\">\n\t\t\t<img decoding=\"async\" width=\"700\" height=\"875\" src=\"https:\/\/daboomdesserts.com\/wp-content\/uploads\/2024\/09\/Black-Forest-Cake-3-layer_thumbnail.jpg\" class=\"attachment-full size-full wp-post-image\" alt=\"\" srcset=\"https:\/\/daboomdesserts.com\/wp-content\/uploads\/2024\/09\/Black-Forest-Cake-3-layer_thumbnail.jpg 700w, https:\/\/daboomdesserts.com\/wp-content\/uploads\/2024\/09\/Black-Forest-Cake-3-layer_thumbnail-240x300.jpg 240w\" sizes=\"(max-width: 700px) 100vw, 700px\" \/>\t\t<\/a>\n\t<\/div>\n\t\t<\/div>\n\t\t<div class=\"qodef-e-content\" >\n\t\t\t<div class=\"qodef-e-info qodef-info--top\">\n\t\t\t\t<h5 itemprop=\"name\" class=\"qodef-e-title entry-title\" >\n\t<a itemprop=\"url\" class=\"qodef-e-title-link\" href=\"https:\/\/daboomdesserts.com\/fr\/portfolio-item\/foret-noire-avec-creme-du-mascarpone-3-etages\/\">\n\t\tFor\u00eat noire avec cr\u00e8me du Mascarpone (3 \u00e9tages)\t<\/a>\n<\/h5>\n\t\t\t<\/div>\n\t\t\t\t<div class=\"qodef-e qodef-info--category\">\n\t\t<a href=\"https:\/\/daboomdesserts.com\/fr\/portfolio-category\/gateaux-au-chocolat\/\" rel=\"tag\">G\u00e2teaux au chocolat<\/a>\t\t<div class=\"qodef-info-separator-end\"><\/div>\n\t<\/div>\n\t\t<\/div>\n\t<\/div>\n<\/article>\n<article class=\"qodef-e qodef-grid-item qodef-item--full post-13781 portfolio-item type-portfolio-item status-publish has-post-thumbnail hentry portfolio-category-gateaux-au-chocolat portfolio-category-gluten-free-fr\">\n\t<div class=\"qodef-e-inner\" >\n\t\t<div class=\"qodef-e-image\">\n\t\t\t\t<div class=\"qodef-e-media-image\">\n\t\t<a itemprop=\"url\" href=\"https:\/\/daboomdesserts.com\/fr\/portfolio-item\/brownie-au-chocolat-blanc\/\">\n\t\t\t<img decoding=\"async\" width=\"700\" height=\"875\" src=\"https:\/\/daboomdesserts.com\/wp-content\/uploads\/2021\/11\/WhiteChocBrownie_thumbnail.jpg\" class=\"attachment-full size-full wp-post-image\" alt=\"\" srcset=\"https:\/\/daboomdesserts.com\/wp-content\/uploads\/2021\/11\/WhiteChocBrownie_thumbnail.jpg 700w, https:\/\/daboomdesserts.com\/wp-content\/uploads\/2021\/11\/WhiteChocBrownie_thumbnail-240x300.jpg 240w\" sizes=\"(max-width: 700px) 100vw, 700px\" \/>\t\t<\/a>\n\t<\/div>\n\t\t<\/div>\n\t\t<div class=\"qodef-e-content\" >\n\t\t\t<div class=\"qodef-e-info qodef-info--top\">\n\t\t\t\t<h5 itemprop=\"name\" class=\"qodef-e-title entry-title\" >\n\t<a itemprop=\"url\" class=\"qodef-e-title-link\" href=\"https:\/\/daboomdesserts.com\/fr\/portfolio-item\/brownie-au-chocolat-blanc\/\">\n\t\tG\u00e2teau brownie au chocolat blanc\t<\/a>\n<\/h5>\n\t\t\t<\/div>\n\t\t\t\t<div class=\"qodef-e qodef-info--category\">\n\t\t<a href=\"https:\/\/daboomdesserts.com\/fr\/portfolio-category\/gateaux-au-chocolat\/\" rel=\"tag\">G\u00e2teaux au chocolat<\/a><span class=\"qodef-category-separator\"><\/span><a href=\"https:\/\/daboomdesserts.com\/fr\/portfolio-category\/gluten-free-fr\/\" rel=\"tag\">Gluten Free<\/a>\t\t<div class=\"qodef-info-separator-end\"><\/div>\n\t<\/div>\n\t\t<\/div>\n\t<\/div>\n<\/article>\n<article class=\"qodef-e qodef-grid-item qodef-item--full post-13782 portfolio-item type-portfolio-item status-publish has-post-thumbnail hentry portfolio-category-gateaux-au-chocolat\">\n\t<div class=\"qodef-e-inner\" >\n\t\t<div class=\"qodef-e-image\">\n\t\t\t\t<div class=\"qodef-e-media-image\">\n\t\t<a itemprop=\"url\" href=\"https:\/\/daboomdesserts.com\/fr\/portfolio-item\/gateau-au-chocolat-a-lancienne-trois-etages\/\">\n\t\t\t<img loading=\"lazy\" decoding=\"async\" width=\"700\" height=\"875\" src=\"https:\/\/daboomdesserts.com\/wp-content\/uploads\/2021\/11\/3-Layer-Old-Fashioned-Chocolate-Cake_thumbnail.jpg\" class=\"attachment-full size-full wp-post-image\" alt=\"\" srcset=\"https:\/\/daboomdesserts.com\/wp-content\/uploads\/2021\/11\/3-Layer-Old-Fashioned-Chocolate-Cake_thumbnail.jpg 700w, https:\/\/daboomdesserts.com\/wp-content\/uploads\/2021\/11\/3-Layer-Old-Fashioned-Chocolate-Cake_thumbnail-240x300.jpg 240w\" sizes=\"(max-width: 700px) 100vw, 700px\" \/>\t\t<\/a>\n\t<\/div>\n\t\t<\/div>\n\t\t<div class=\"qodef-e-content\" >\n\t\t\t<div class=\"qodef-e-info qodef-info--top\">\n\t\t\t\t<h5 itemprop=\"name\" class=\"qodef-e-title entry-title\" >\n\t<a itemprop=\"url\" class=\"qodef-e-title-link\" href=\"https:\/\/daboomdesserts.com\/fr\/portfolio-item\/gateau-au-chocolat-a-lancienne-trois-etages\/\">\n\t\tG\u00e2teau au chocolat \u00e0 l&rsquo;ancienne trois \u00e9tages\t<\/a>\n<\/h5>\n\t\t\t<\/div>\n\t\t\t\t<div class=\"qodef-e qodef-info--category\">\n\t\t<a href=\"https:\/\/daboomdesserts.com\/fr\/portfolio-category\/gateaux-au-chocolat\/\" rel=\"tag\">G\u00e2teaux au chocolat<\/a>\t\t<div class=\"qodef-info-separator-end\"><\/div>\n\t<\/div>\n\t\t<\/div>\n\t<\/div>\n<\/article>\n<article class=\"qodef-e qodef-grid-item qodef-item--full post-13791 portfolio-item type-portfolio-item status-publish has-post-thumbnail hentry portfolio-category-gateaux-au-chocolat portfolio-category-gluten-free-fr\">\n\t<div class=\"qodef-e-inner\" >\n\t\t<div class=\"qodef-e-image\">\n\t\t\t\t<div class=\"qodef-e-media-image\">\n\t\t<a itemprop=\"url\" href=\"https:\/\/daboomdesserts.com\/fr\/portfolio-item\/rafale-triple-chocolat\/\">\n\t\t\t<img loading=\"lazy\" decoding=\"async\" width=\"652\" height=\"815\" src=\"https:\/\/daboomdesserts.com\/wp-content\/uploads\/2021\/10\/rockin_triplechoc_website_02-1.jpg\" class=\"attachment-full size-full wp-post-image\" alt=\"\" srcset=\"https:\/\/daboomdesserts.com\/wp-content\/uploads\/2021\/10\/rockin_triplechoc_website_02-1.jpg 652w, https:\/\/daboomdesserts.com\/wp-content\/uploads\/2021\/10\/rockin_triplechoc_website_02-1-240x300.jpg 240w\" sizes=\"(max-width: 652px) 100vw, 652px\" \/>\t\t<\/a>\n\t<\/div>\n\t\t<\/div>\n\t\t<div class=\"qodef-e-content\" >\n\t\t\t<div class=\"qodef-e-info qodef-info--top\">\n\t\t\t\t<h5 itemprop=\"name\" class=\"qodef-e-title entry-title\" >\n\t<a itemprop=\"url\" class=\"qodef-e-title-link\" href=\"https:\/\/daboomdesserts.com\/fr\/portfolio-item\/rafale-triple-chocolat\/\">\n\t\tRafale triple-chocolat\t<\/a>\n<\/h5>\n\t\t\t<\/div>\n\t\t\t\t<div class=\"qodef-e qodef-info--category\">\n\t\t<a href=\"https:\/\/daboomdesserts.com\/fr\/portfolio-category\/gateaux-au-chocolat\/\" rel=\"tag\">G\u00e2teaux au chocolat<\/a><span class=\"qodef-category-separator\"><\/span><a href=\"https:\/\/daboomdesserts.com\/fr\/portfolio-category\/gluten-free-fr\/\" rel=\"tag\">Gluten Free<\/a>\t\t<div class=\"qodef-info-separator-end\"><\/div>\n\t<\/div>\n\t\t<\/div>\n\t<\/div>\n<\/article>\n<article class=\"qodef-e qodef-grid-item qodef-item--full post-13804 portfolio-item type-portfolio-item status-publish has-post-thumbnail hentry portfolio-category-gateaux-au-chocolat\">\n\t<div class=\"qodef-e-inner\" >\n\t\t<div class=\"qodef-e-image\">\n\t\t\t\t<div class=\"qodef-e-media-image\">\n\t\t<a itemprop=\"url\" href=\"https:\/\/daboomdesserts.com\/fr\/portfolio-item\/imposante-montagne-au-chocolat\/\">\n\t\t\t<img loading=\"lazy\" decoding=\"async\" width=\"585\" height=\"732\" src=\"https:\/\/daboomdesserts.com\/wp-content\/uploads\/2021\/10\/chunky-chocolate-mountain_website_03-1.jpg\" class=\"attachment-full size-full wp-post-image\" alt=\"\" srcset=\"https:\/\/daboomdesserts.com\/wp-content\/uploads\/2021\/10\/chunky-chocolate-mountain_website_03-1.jpg 585w, https:\/\/daboomdesserts.com\/wp-content\/uploads\/2021\/10\/chunky-chocolate-mountain_website_03-1-240x300.jpg 240w\" sizes=\"(max-width: 585px) 100vw, 585px\" \/>\t\t<\/a>\n\t<\/div>\n\t\t<\/div>\n\t\t<div class=\"qodef-e-content\" >\n\t\t\t<div class=\"qodef-e-info qodef-info--top\">\n\t\t\t\t<h5 itemprop=\"name\" class=\"qodef-e-title entry-title\" >\n\t<a itemprop=\"url\" class=\"qodef-e-title-link\" href=\"https:\/\/daboomdesserts.com\/fr\/portfolio-item\/imposante-montagne-au-chocolat\/\">\n\t\tImposante montagne au chocolat\t<\/a>\n<\/h5>\n\t\t\t<\/div>\n\t\t\t\t<div class=\"qodef-e qodef-info--category\">\n\t\t<a href=\"https:\/\/daboomdesserts.com\/fr\/portfolio-category\/gateaux-au-chocolat\/\" rel=\"tag\">G\u00e2teaux au chocolat<\/a>\t\t<div class=\"qodef-info-separator-end\"><\/div>\n\t<\/div>\n\t\t<\/div>\n\t<\/div>\n<\/article>\n\t<\/div>\n\t<\/div>\n\t\t\t\t<\/div>\n\t\t\t\t<\/div>\n\t\t\t\t\t<\/div>\n\t\t<\/div>\n\t\t\t\t\t<\/div>\n\t\t<\/section>\n\t\t\t\t<section class=\"elementor-section elementor-top-section elementor-element elementor-element-7322362 elementor-section-boxed elementor-section-height-default elementor-section-height-default qodef-elementor-content-no\" data-id=\"7322362\" data-element_type=\"section\">\n\t\t\t\t\t\t<div class=\"elementor-container elementor-column-gap-default\">\n\t\t\t\t\t<div class=\"elementor-column elementor-col-100 elementor-top-column elementor-element elementor-element-2b94e4e\" data-id=\"2b94e4e\" data-element_type=\"column\">\n\t\t\t<div class=\"elementor-widget-wrap elementor-element-populated\">\n\t\t\t\t\t\t<section class=\"elementor-section elementor-inner-section elementor-element elementor-element-f775015 elementor-section-boxed elementor-section-height-default elementor-section-height-default qodef-elementor-content-no\" data-id=\"f775015\" data-element_type=\"section\">\n\t\t\t\t\t\t<div class=\"elementor-container elementor-column-gap-default\">\n\t\t\t\t\t<div class=\"elementor-column elementor-col-50 elementor-inner-column elementor-element elementor-element-31e8f3d\" data-id=\"31e8f3d\" data-element_type=\"column\">\n\t\t\t<div class=\"elementor-widget-wrap elementor-element-populated\">\n\t\t\t\t\t\t<div class=\"elementor-element elementor-element-0c9fb99 text-right text-xs-center cat-btn elementor-widget elementor-widget-wp-widget-swissdelight_core_button\" data-id=\"0c9fb99\" data-element_type=\"widget\" data-widget_type=\"wp-widget-swissdelight_core_button.default\">\n\t\t\t\t<div class=\"elementor-widget-container\">\n\t\t\t\t\t<a class=\"qodef-shortcode qodef-m  qodef-button qodef-layout--filled  qodef-html--link  \" href=\"\/fr\/barres\/\" target=\"_self\" data-hover-background-color=\"#000\" style=\"background-color: #f89aba\">\n\t<span class=\"qodef-m-text\">Cat\u00e9gorie Pr\u00e9c\u00e9dente\t\t\t<\/span>\n<\/a>\n\t\t\t\t<\/div>\n\t\t\t\t<\/div>\n\t\t\t\t\t<\/div>\n\t\t<\/div>\n\t\t\t\t<div class=\"elementor-column elementor-col-50 elementor-inner-column elementor-element elementor-element-36d78e1\" data-id=\"36d78e1\" data-element_type=\"column\">\n\t\t\t<div class=\"elementor-widget-wrap elementor-element-populated\">\n\t\t\t\t\t\t<div class=\"elementor-element elementor-element-8b98436 cat-btn text-xs-center elementor-widget elementor-widget-wp-widget-swissdelight_core_button\" data-id=\"8b98436\" data-element_type=\"widget\" data-widget_type=\"wp-widget-swissdelight_core_button.default\">\n\t\t\t\t<div class=\"elementor-widget-container\">\n\t\t\t\t\t<a class=\"qodef-shortcode qodef-m  qodef-button qodef-layout--filled  qodef-html--link  \" href=\"\/fr\/gateaux-au-fromage\/\" target=\"_self\" data-hover-background-color=\"#000\" style=\"background-color: #f89aba\">\n\t<span class=\"qodef-m-text\">Cat\u00e9gorie Suivante\t\t\t<\/span>\n<\/a>\n\t\t\t\t<\/div>\n\t\t\t\t<\/div>\n\t\t\t\t\t<\/div>\n\t\t<\/div>\n\t\t\t\t\t<\/div>\n\t\t<\/section>\n\t\t\t\t\t<\/div>\n\t\t<\/div>\n\t\t\t\t\t<\/div>\n\t\t<\/section>\n\t\t\t\t<\/div>\n\t\t","protected":false},"excerpt":{"rendered":"<p>CHOCOLAT, CHOCOLAT et plus de CHOCOLAT. Il existe depuis 4000 ans et repr\u00e9sente toujours la cat\u00e9gorie #1 dans les desserts. Dans la mesure du possible, nous utilisons le commerce \u00e9quitable en m\u00e9langeant du chocolat noir, du lait, du blanc, de la liqueur et du chocolat semi-sucr\u00e9 pour cr\u00e9er des ganaches, des garnitures, des copeaux et [&hellip;]<\/p>\n","protected":false},"author":5,"featured_media":0,"parent":0,"menu_order":0,"comment_status":"closed","ping_status":"closed","template":"","meta":{"_acf_changed":false,"content-type":"","footnotes":""},"class_list":["post-13835","page","type-page","status-publish","hentry"],"acf":[],"yoast_head":"<!-- This site is optimized with the Yoast SEO plugin v25.5 - https:\/\/yoast.com\/wordpress\/plugins\/seo\/ -->\n<title>G\u00e2teaux Au Chocolat - Daboom Desserts<\/title>\n<meta name=\"robots\" content=\"index, follow, max-snippet:-1, max-image-preview:large, max-video-preview:-1\" \/>\n<link rel=\"canonical\" href=\"https:\/\/daboomdesserts.com\/chocolate-cakes\/\" \/>\n<meta property=\"og:locale\" content=\"fr_FR\" \/>\n<meta property=\"og:type\" content=\"article\" \/>\n<meta property=\"og:title\" content=\"G\u00e2teaux Au Chocolat - Daboom Desserts\" \/>\n<meta property=\"og:description\" content=\"CHOCOLAT, CHOCOLAT et plus de CHOCOLAT. Il existe depuis 4000 ans et repr\u00e9sente toujours la cat\u00e9gorie #1 dans les desserts. Dans la mesure du possible, nous utilisons le commerce \u00e9quitable en m\u00e9langeant du chocolat noir, du lait, du blanc, de la liqueur et du chocolat semi-sucr\u00e9 pour cr\u00e9er des ganaches, des garnitures, des copeaux et [&hellip;]\" \/>\n<meta property=\"og:url\" content=\"https:\/\/daboomdesserts.com\/chocolate-cakes\/\" \/>\n<meta property=\"og:site_name\" content=\"Daboom Desserts\" \/>\n<meta property=\"article:modified_time\" content=\"2024-04-29T13:37:53+00:00\" \/>\n<meta property=\"og:image\" content=\"https:\/\/daboomdesserts.com\/wp-content\/uploads\/2023\/03\/BF2.jpg\" \/>\n<meta name=\"twitter:card\" content=\"summary_large_image\" \/>\n<meta name=\"twitter:label1\" content=\"Dur\u00e9e de lecture estim\u00e9e\" \/>\n\t<meta name=\"twitter:data1\" content=\"2 minutes\" \/>\n<script type=\"application\/ld+json\" class=\"yoast-schema-graph\">{\"@context\":\"https:\/\/schema.org\",\"@graph\":[{\"@type\":\"WebPage\",\"@id\":\"https:\/\/daboomdesserts.com\/chocolate-cakes\/\",\"url\":\"https:\/\/daboomdesserts.com\/chocolate-cakes\/\",\"name\":\"G\u00e2teaux Au Chocolat - Daboom Desserts\",\"isPartOf\":{\"@id\":\"https:\/\/daboomdesserts.com\/#website\"},\"primaryImageOfPage\":{\"@id\":\"https:\/\/daboomdesserts.com\/chocolate-cakes\/#primaryimage\"},\"image\":{\"@id\":\"https:\/\/daboomdesserts.com\/chocolate-cakes\/#primaryimage\"},\"thumbnailUrl\":\"https:\/\/daboomdesserts.com\/wp-content\/uploads\/2023\/03\/BF2.jpg\",\"datePublished\":\"2021-11-22T17:21:42+00:00\",\"dateModified\":\"2024-04-29T13:37:53+00:00\",\"breadcrumb\":{\"@id\":\"https:\/\/daboomdesserts.com\/chocolate-cakes\/#breadcrumb\"},\"inLanguage\":\"fr-FR\",\"potentialAction\":[{\"@type\":\"ReadAction\",\"target\":[\"https:\/\/daboomdesserts.com\/chocolate-cakes\/\"]}]},{\"@type\":\"ImageObject\",\"inLanguage\":\"fr-FR\",\"@id\":\"https:\/\/daboomdesserts.com\/chocolate-cakes\/#primaryimage\",\"url\":\"https:\/\/daboomdesserts.com\/wp-content\/uploads\/2023\/03\/BF2.jpg\",\"contentUrl\":\"https:\/\/daboomdesserts.com\/wp-content\/uploads\/2023\/03\/BF2.jpg\"},{\"@type\":\"BreadcrumbList\",\"@id\":\"https:\/\/daboomdesserts.com\/chocolate-cakes\/#breadcrumb\",\"itemListElement\":[{\"@type\":\"ListItem\",\"position\":1,\"name\":\"Home\",\"item\":\"https:\/\/daboomdesserts.com\/fr\/\"},{\"@type\":\"ListItem\",\"position\":2,\"name\":\"G\u00e2teaux Au Chocolat\"}]},{\"@type\":\"WebSite\",\"@id\":\"https:\/\/daboomdesserts.com\/#website\",\"url\":\"https:\/\/daboomdesserts.com\/\",\"name\":\"Daboom Desserts\",\"description\":\"Daboom Desserts a pour objectif de cr\u00e9er des plaisirs gourmands artisanaux, faits \u00e0 la main et inoubliables \u00e0 partir d\u2019ingr\u00e9dients s\u00e9lectionn\u00e9s de source responsable.\",\"potentialAction\":[{\"@type\":\"SearchAction\",\"target\":{\"@type\":\"EntryPoint\",\"urlTemplate\":\"https:\/\/daboomdesserts.com\/?s={search_term_string}\"},\"query-input\":{\"@type\":\"PropertyValueSpecification\",\"valueRequired\":true,\"valueName\":\"search_term_string\"}}],\"inLanguage\":\"fr-FR\"}]}<\/script>\n<!-- \/ Yoast SEO plugin. -->","yoast_head_json":{"title":"G\u00e2teaux Au Chocolat - Daboom Desserts","robots":{"index":"index","follow":"follow","max-snippet":"max-snippet:-1","max-image-preview":"max-image-preview:large","max-video-preview":"max-video-preview:-1"},"canonical":"https:\/\/daboomdesserts.com\/chocolate-cakes\/","og_locale":"fr_FR","og_type":"article","og_title":"G\u00e2teaux Au Chocolat - Daboom Desserts","og_description":"CHOCOLAT, CHOCOLAT et plus de CHOCOLAT. Il existe depuis 4000 ans et repr\u00e9sente toujours la cat\u00e9gorie #1 dans les desserts. Dans la mesure du possible, nous utilisons le commerce \u00e9quitable en m\u00e9langeant du chocolat noir, du lait, du blanc, de la liqueur et du chocolat semi-sucr\u00e9 pour cr\u00e9er des ganaches, des garnitures, des copeaux et [&hellip;]","og_url":"https:\/\/daboomdesserts.com\/chocolate-cakes\/","og_site_name":"Daboom Desserts","article_modified_time":"2024-04-29T13:37:53+00:00","og_image":[{"url":"https:\/\/daboomdesserts.com\/wp-content\/uploads\/2023\/03\/BF2.jpg","type":"","width":"","height":""}],"twitter_card":"summary_large_image","twitter_misc":{"Dur\u00e9e de lecture estim\u00e9e":"2 minutes"},"schema":{"@context":"https:\/\/schema.org","@graph":[{"@type":"WebPage","@id":"https:\/\/daboomdesserts.com\/chocolate-cakes\/","url":"https:\/\/daboomdesserts.com\/chocolate-cakes\/","name":"G\u00e2teaux Au Chocolat - Daboom Desserts","isPartOf":{"@id":"https:\/\/daboomdesserts.com\/#website"},"primaryImageOfPage":{"@id":"https:\/\/daboomdesserts.com\/chocolate-cakes\/#primaryimage"},"image":{"@id":"https:\/\/daboomdesserts.com\/chocolate-cakes\/#primaryimage"},"thumbnailUrl":"https:\/\/daboomdesserts.com\/wp-content\/uploads\/2023\/03\/BF2.jpg","datePublished":"2021-11-22T17:21:42+00:00","dateModified":"2024-04-29T13:37:53+00:00","breadcrumb":{"@id":"https:\/\/daboomdesserts.com\/chocolate-cakes\/#breadcrumb"},"inLanguage":"fr-FR","potentialAction":[{"@type":"ReadAction","target":["https:\/\/daboomdesserts.com\/chocolate-cakes\/"]}]},{"@type":"ImageObject","inLanguage":"fr-FR","@id":"https:\/\/daboomdesserts.com\/chocolate-cakes\/#primaryimage","url":"https:\/\/daboomdesserts.com\/wp-content\/uploads\/2023\/03\/BF2.jpg","contentUrl":"https:\/\/daboomdesserts.com\/wp-content\/uploads\/2023\/03\/BF2.jpg"},{"@type":"BreadcrumbList","@id":"https:\/\/daboomdesserts.com\/chocolate-cakes\/#breadcrumb","itemListElement":[{"@type":"ListItem","position":1,"name":"Home","item":"https:\/\/daboomdesserts.com\/fr\/"},{"@type":"ListItem","position":2,"name":"G\u00e2teaux Au Chocolat"}]},{"@type":"WebSite","@id":"https:\/\/daboomdesserts.com\/#website","url":"https:\/\/daboomdesserts.com\/","name":"Daboom Desserts","description":"Daboom Desserts a pour objectif de cr\u00e9er des plaisirs gourmands artisanaux, faits \u00e0 la main et inoubliables \u00e0 partir d\u2019ingr\u00e9dients s\u00e9lectionn\u00e9s de source responsable.","potentialAction":[{"@type":"SearchAction","target":{"@type":"EntryPoint","urlTemplate":"https:\/\/daboomdesserts.com\/?s={search_term_string}"},"query-input":{"@type":"PropertyValueSpecification","valueRequired":true,"valueName":"search_term_string"}}],"inLanguage":"fr-FR"}]}},"_links":{"self":[{"href":"https:\/\/daboomdesserts.com\/fr\/wp-json\/wp\/v2\/pages\/13835"}],"collection":[{"href":"https:\/\/daboomdesserts.com\/fr\/wp-json\/wp\/v2\/pages"}],"about":[{"href":"https:\/\/daboomdesserts.com\/fr\/wp-json\/wp\/v2\/types\/page"}],"author":[{"embeddable":true,"href":"https:\/\/daboomdesserts.com\/fr\/wp-json\/wp\/v2\/users\/5"}],"replies":[{"embeddable":true,"href":"https:\/\/daboomdesserts.com\/fr\/wp-json\/wp\/v2\/comments?post=13835"}],"version-history":[{"count":28,"href":"https:\/\/daboomdesserts.com\/fr\/wp-json\/wp\/v2\/pages\/13835\/revisions"}],"predecessor-version":[{"id":15609,"href":"https:\/\/daboomdesserts.com\/fr\/wp-json\/wp\/v2\/pages\/13835\/revisions\/15609"}],"wp:attachment":[{"href":"https:\/\/daboomdesserts.com\/fr\/wp-json\/wp\/v2\/media?parent=13835"}],"curies":[{"name":"wp","href":"https:\/\/api.w.org\/{rel}","templated":true}]}}