{"id":13829,"date":"2021-11-22T18:02:50","date_gmt":"2021-11-22T18:02:50","guid":{"rendered":"https:\/\/staging.daboomdesserts.com\/decadent-pleasures\/"},"modified":"2024-04-29T13:39:57","modified_gmt":"2024-04-29T13:39:57","slug":"plaisirs-decadentes","status":"publish","type":"page","link":"https:\/\/daboomdesserts.com\/fr\/plaisirs-decadentes\/","title":{"rendered":"Plaisirs D\u00e9cadents"},"content":{"rendered":"\t\t<div data-elementor-type=\"wp-page\" data-elementor-id=\"13829\" class=\"elementor elementor-13829 elementor-12594\">\n\t\t\t\t\t\t<section class=\"elementor-section elementor-top-section elementor-element elementor-element-7adda6d elementor-section-boxed elementor-section-height-default elementor-section-height-default qodef-elementor-content-no\" data-id=\"7adda6d\" data-element_type=\"section\">\n\t\t\t\t\t\t<div class=\"elementor-container elementor-column-gap-default\">\n\t\t\t\t\t<div class=\"elementor-column elementor-col-100 elementor-top-column elementor-element elementor-element-2d447bf\" data-id=\"2d447bf\" data-element_type=\"column\">\n\t\t\t<div class=\"elementor-widget-wrap elementor-element-populated\">\n\t\t\t\t\t\t<div class=\"elementor-element elementor-element-cf52793 elementor-widget elementor-widget-text-editor\" data-id=\"cf52793\" data-element_type=\"widget\" data-widget_type=\"text-editor.default\">\n\t\t\t\t<div class=\"elementor-widget-container\">\n\t\t\t\t\t\t\t\t\t<p>Autre que les g\u00e2teaux au fromage et les g\u00e2teaux au chocolat, il ya le monde merveilleux des plaisirs d\u00e9cadents de Daboom. Reconnaissable et nostalgique, la vari\u00e9t\u00e9 des couleurs et des saveurs de nos Plaisirs D\u00e9cadents fabriqu\u00e9s \u00e0 la main sert \u00e0 compl\u00e9ter harmonieusement tous les menus de desserts.<\/p>\t\t\t\t\t\t\t\t<\/div>\n\t\t\t\t<\/div>\n\t\t\t\t\t<\/div>\n\t\t<\/div>\n\t\t\t\t\t<\/div>\n\t\t<\/section>\n\t\t\t\t<section class=\"elementor-section elementor-top-section elementor-element elementor-element-682434c elementor-section-stretched elementor-section-boxed elementor-section-height-default elementor-section-height-default qodef-elementor-content-no\" data-id=\"682434c\" data-element_type=\"section\" id=\"our-desserts\" data-settings=\"{&quot;stretch_section&quot;:&quot;section-stretched&quot;}\">\n\t\t\t\t\t\t<div class=\"elementor-container elementor-column-gap-default\">\n\t\t\t\t\t<div class=\"elementor-column elementor-col-100 elementor-top-column elementor-element elementor-element-fe0d111\" data-id=\"fe0d111\" data-element_type=\"column\">\n\t\t\t<div class=\"elementor-widget-wrap elementor-element-populated\">\n\t\t\t\t\t\t<div class=\"elementor-element elementor-element-c1c87ca elementor-widget elementor-widget-swissdelight_core_portfolio_list\" data-id=\"c1c87ca\" data-element_type=\"widget\" data-widget_type=\"swissdelight_core_portfolio_list.default\">\n\t\t\t\t<div class=\"elementor-widget-container\">\n\t\t\t\t\t<div class=\"qodef-shortcode qodef-m custom-row qodef-portfolio-list qodef-item-layout--info-below qodef-grid qodef-layout--columns  qodef-gutter--normal qodef-col-num--4 qodef-item-layout--info-below qodef--no-bottom-space qodef-pagination--off qodef-responsive--predefined qodef-hover-animation--overlay\" data-options=\"{&quot;plugin&quot;:&quot;swissdelight_core&quot;,&quot;module&quot;:&quot;post-types\\\/portfolio\\\/shortcodes&quot;,&quot;shortcode&quot;:&quot;portfolio-list&quot;,&quot;post_type&quot;:&quot;portfolio-item&quot;,&quot;next_page&quot;:&quot;2&quot;,&quot;max_pages_num&quot;:1,&quot;custom_class&quot;:&quot;custom-row&quot;,&quot;behavior&quot;:&quot;columns&quot;,&quot;images_proportion&quot;:&quot;full&quot;,&quot;columns&quot;:&quot;4&quot;,&quot;columns_responsive&quot;:&quot;predefined&quot;,&quot;space&quot;:&quot;normal&quot;,&quot;posts_per_page&quot;:&quot;9&quot;,&quot;orderby&quot;:&quot;date&quot;,&quot;order&quot;:&quot;DESC&quot;,&quot;additional_params&quot;:&quot;tax&quot;,&quot;tax&quot;:&quot;portfolio-category&quot;,&quot;tax__in&quot;:&quot;80&quot;,&quot;layout&quot;:&quot;info-below&quot;,&quot;hover_animation_info-below&quot;:&quot;overlay&quot;,&quot;hover_animation_info-on-hover&quot;:&quot;fade-in&quot;,&quot;title_tag&quot;:&quot;h5&quot;,&quot;custom_padding&quot;:&quot;no&quot;,&quot;pagination_type&quot;:&quot;no-pagination&quot;,&quot;object_class_name&quot;:&quot;SwissDelightCore_Portfolio_List_Shortcode&quot;,&quot;taxonomy_filter&quot;:&quot;portfolio-category&quot;,&quot;additional_query_args&quot;:{&quot;tax_query&quot;:[{&quot;taxonomy&quot;:&quot;portfolio-category&quot;,&quot;field&quot;:&quot;term_id&quot;,&quot;terms&quot;:[80]}]},&quot;space_value&quot;:15}\">\n\t\t<div class=\"qodef-grid-inner clear\">\n\t\t<article class=\"qodef-e qodef-grid-item qodef-item--full post-13773 portfolio-item type-portfolio-item status-publish has-post-thumbnail hentry portfolio-category-plaisirs-decadents\">\n\t<div class=\"qodef-e-inner\" >\n\t\t<div class=\"qodef-e-image\">\n\t\t\t\t<div class=\"qodef-e-media-image\">\n\t\t<a itemprop=\"url\" href=\"https:\/\/daboomdesserts.com\/fr\/portfolio-item\/divine-tarte-a-la-lime-des-keys\/\">\n\t\t\t<img fetchpriority=\"high\" decoding=\"async\" width=\"700\" height=\"876\" src=\"https:\/\/daboomdesserts.com\/wp-content\/uploads\/2021\/11\/KeyLimeDivine_website_01-1.jpg\" class=\"attachment-full size-full wp-post-image\" alt=\"\" srcset=\"https:\/\/daboomdesserts.com\/wp-content\/uploads\/2021\/11\/KeyLimeDivine_website_01-1.jpg 700w, https:\/\/daboomdesserts.com\/wp-content\/uploads\/2021\/11\/KeyLimeDivine_website_01-1-240x300.jpg 240w\" sizes=\"(max-width: 700px) 100vw, 700px\" \/>\t\t<\/a>\n\t<\/div>\n\t\t<\/div>\n\t\t<div class=\"qodef-e-content\" >\n\t\t\t<div class=\"qodef-e-info qodef-info--top\">\n\t\t\t\t<h5 itemprop=\"name\" class=\"qodef-e-title entry-title\" >\n\t<a itemprop=\"url\" class=\"qodef-e-title-link\" href=\"https:\/\/daboomdesserts.com\/fr\/portfolio-item\/divine-tarte-a-la-lime-des-keys\/\">\n\t\tDivine tarte \u00e0 la lime des keys\t<\/a>\n<\/h5>\n\t\t\t<\/div>\n\t\t\t\t<div class=\"qodef-e qodef-info--category\">\n\t\t<a href=\"https:\/\/daboomdesserts.com\/fr\/portfolio-category\/plaisirs-decadents\/\" rel=\"tag\">Plaisirs d\u00e9cadents<\/a>\t\t<div class=\"qodef-info-separator-end\"><\/div>\n\t<\/div>\n\t\t<\/div>\n\t<\/div>\n<\/article>\n<article class=\"qodef-e qodef-grid-item qodef-item--full post-13775 portfolio-item type-portfolio-item status-publish has-post-thumbnail hentry portfolio-category-plaisirs-decadents\">\n\t<div class=\"qodef-e-inner\" >\n\t\t<div class=\"qodef-e-image\">\n\t\t\t\t<div class=\"qodef-e-media-image\">\n\t\t<a itemprop=\"url\" href=\"https:\/\/daboomdesserts.com\/fr\/portfolio-item\/gateau-aux-carottes-colossal\/\">\n\t\t\t<img decoding=\"async\" width=\"768\" height=\"803\" src=\"https:\/\/daboomdesserts.com\/wp-content\/uploads\/2021\/11\/Colossal.jpg\" class=\"attachment-full size-full wp-post-image\" alt=\"\" srcset=\"https:\/\/daboomdesserts.com\/wp-content\/uploads\/2021\/11\/Colossal.jpg 768w, https:\/\/daboomdesserts.com\/wp-content\/uploads\/2021\/11\/Colossal-287x300.jpg 287w\" sizes=\"(max-width: 768px) 100vw, 768px\" \/>\t\t<\/a>\n\t<\/div>\n\t\t<\/div>\n\t\t<div class=\"qodef-e-content\" >\n\t\t\t<div class=\"qodef-e-info qodef-info--top\">\n\t\t\t\t<h5 itemprop=\"name\" class=\"qodef-e-title entry-title\" >\n\t<a itemprop=\"url\" class=\"qodef-e-title-link\" href=\"https:\/\/daboomdesserts.com\/fr\/portfolio-item\/gateau-aux-carottes-colossal\/\">\n\t\tG\u00e2teau aux Carottes Colossal\t<\/a>\n<\/h5>\n\t\t\t<\/div>\n\t\t\t\t<div class=\"qodef-e qodef-info--category\">\n\t\t<a href=\"https:\/\/daboomdesserts.com\/fr\/portfolio-category\/plaisirs-decadents\/\" rel=\"tag\">Plaisirs d\u00e9cadents<\/a>\t\t<div class=\"qodef-info-separator-end\"><\/div>\n\t<\/div>\n\t\t<\/div>\n\t<\/div>\n<\/article>\n<article class=\"qodef-e qodef-grid-item qodef-item--full post-13792 portfolio-item type-portfolio-item status-publish has-post-thumbnail hentry portfolio-category-plaisirs-decadents\">\n\t<div class=\"qodef-e-inner\" >\n\t\t<div class=\"qodef-e-image\">\n\t\t\t\t<div class=\"qodef-e-media-image\">\n\t\t<a itemprop=\"url\" href=\"https:\/\/daboomdesserts.com\/fr\/portfolio-item\/gateau-aux-carottes-omg\/\">\n\t\t\t<img decoding=\"async\" width=\"700\" height=\"875\" src=\"https:\/\/daboomdesserts.com\/wp-content\/uploads\/2021\/10\/OMG_web_01.jpg\" class=\"attachment-full size-full wp-post-image\" alt=\"\" srcset=\"https:\/\/daboomdesserts.com\/wp-content\/uploads\/2021\/10\/OMG_web_01.jpg 700w, https:\/\/daboomdesserts.com\/wp-content\/uploads\/2021\/10\/OMG_web_01-240x300.jpg 240w\" sizes=\"(max-width: 700px) 100vw, 700px\" \/>\t\t<\/a>\n\t<\/div>\n\t\t<\/div>\n\t\t<div class=\"qodef-e-content\" >\n\t\t\t<div class=\"qodef-e-info qodef-info--top\">\n\t\t\t\t<h5 itemprop=\"name\" class=\"qodef-e-title entry-title\" >\n\t<a itemprop=\"url\" class=\"qodef-e-title-link\" href=\"https:\/\/daboomdesserts.com\/fr\/portfolio-item\/gateau-aux-carottes-omg\/\">\n\t\tG\u00e2teau aux Carottes OMG\t<\/a>\n<\/h5>\n\t\t\t<\/div>\n\t\t\t\t<div class=\"qodef-e qodef-info--category\">\n\t\t<a href=\"https:\/\/daboomdesserts.com\/fr\/portfolio-category\/plaisirs-decadents\/\" rel=\"tag\">Plaisirs d\u00e9cadents<\/a>\t\t<div class=\"qodef-info-separator-end\"><\/div>\n\t<\/div>\n\t\t<\/div>\n\t<\/div>\n<\/article>\n<article class=\"qodef-e qodef-grid-item qodef-item--full post-13802 portfolio-item type-portfolio-item status-publish has-post-thumbnail hentry portfolio-category-plaisirs-decadents\">\n\t<div class=\"qodef-e-inner\" >\n\t\t<div class=\"qodef-e-image\">\n\t\t\t\t<div class=\"qodef-e-media-image\">\n\t\t<a itemprop=\"url\" href=\"https:\/\/daboomdesserts.com\/fr\/portfolio-item\/gateau-sable-aux-fraises\/\">\n\t\t\t<img loading=\"lazy\" decoding=\"async\" width=\"700\" height=\"800\" src=\"https:\/\/daboomdesserts.com\/wp-content\/uploads\/2021\/10\/Strawberry-site-1.jpg\" class=\"attachment-full size-full wp-post-image\" alt=\"\" srcset=\"https:\/\/daboomdesserts.com\/wp-content\/uploads\/2021\/10\/Strawberry-site-1.jpg 700w, https:\/\/daboomdesserts.com\/wp-content\/uploads\/2021\/10\/Strawberry-site-1-263x300.jpg 263w\" sizes=\"(max-width: 700px) 100vw, 700px\" \/>\t\t<\/a>\n\t<\/div>\n\t\t<\/div>\n\t\t<div class=\"qodef-e-content\" >\n\t\t\t<div class=\"qodef-e-info qodef-info--top\">\n\t\t\t\t<h5 itemprop=\"name\" class=\"qodef-e-title entry-title\" >\n\t<a itemprop=\"url\" class=\"qodef-e-title-link\" href=\"https:\/\/daboomdesserts.com\/fr\/portfolio-item\/gateau-sable-aux-fraises\/\">\n\t\tG\u00e2teau sabl\u00e9 aux fraises\t<\/a>\n<\/h5>\n\t\t\t<\/div>\n\t\t\t\t<div class=\"qodef-e qodef-info--category\">\n\t\t<a href=\"https:\/\/daboomdesserts.com\/fr\/portfolio-category\/plaisirs-decadents\/\" rel=\"tag\">Plaisirs d\u00e9cadents<\/a>\t\t<div class=\"qodef-info-separator-end\"><\/div>\n\t<\/div>\n\t\t<\/div>\n\t<\/div>\n<\/article>\n\t<\/div>\n\t<\/div>\n\t\t\t\t<\/div>\n\t\t\t\t<\/div>\n\t\t\t\t\t<\/div>\n\t\t<\/div>\n\t\t\t\t\t<\/div>\n\t\t<\/section>\n\t\t\t\t<section class=\"elementor-section elementor-top-section elementor-element elementor-element-92b3b46 elementor-section-boxed elementor-section-height-default elementor-section-height-default qodef-elementor-content-no\" data-id=\"92b3b46\" data-element_type=\"section\">\n\t\t\t\t\t\t<div class=\"elementor-container elementor-column-gap-default\">\n\t\t\t\t\t<div class=\"elementor-column elementor-col-100 elementor-top-column elementor-element elementor-element-ced0b01\" data-id=\"ced0b01\" data-element_type=\"column\">\n\t\t\t<div class=\"elementor-widget-wrap elementor-element-populated\">\n\t\t\t\t\t\t<section class=\"elementor-section elementor-inner-section elementor-element elementor-element-ad4011e elementor-section-boxed elementor-section-height-default elementor-section-height-default qodef-elementor-content-no\" data-id=\"ad4011e\" data-element_type=\"section\">\n\t\t\t\t\t\t<div class=\"elementor-container elementor-column-gap-default\">\n\t\t\t\t\t<div class=\"elementor-column elementor-col-50 elementor-inner-column elementor-element elementor-element-5b055e7\" data-id=\"5b055e7\" data-element_type=\"column\">\n\t\t\t<div class=\"elementor-widget-wrap elementor-element-populated\">\n\t\t\t\t\t\t<div class=\"elementor-element elementor-element-5cd6035 text-right text-xs-center cat-btn elementor-widget elementor-widget-wp-widget-swissdelight_core_button\" data-id=\"5cd6035\" data-element_type=\"widget\" data-widget_type=\"wp-widget-swissdelight_core_button.default\">\n\t\t\t\t<div class=\"elementor-widget-container\">\n\t\t\t\t\t<a class=\"qodef-shortcode qodef-m  qodef-button qodef-layout--filled  qodef-html--link  \" href=\"\/fr\/gateaux-au-fromage\/\" target=\"_self\" data-hover-background-color=\"#000\" style=\"background-color: #f89aba\">\n\t<span class=\"qodef-m-text\">Cat\u00e9gorie Pr\u00e9c\u00e9dente\t\t\t<\/span>\n<\/a>\n\t\t\t\t<\/div>\n\t\t\t\t<\/div>\n\t\t\t\t\t<\/div>\n\t\t<\/div>\n\t\t\t\t<div class=\"elementor-column elementor-col-50 elementor-inner-column elementor-element elementor-element-c0aa518\" data-id=\"c0aa518\" data-element_type=\"column\">\n\t\t\t<div class=\"elementor-widget-wrap elementor-element-populated\">\n\t\t\t\t\t\t<div class=\"elementor-element elementor-element-03405b3 cat-btn text-xs-center elementor-widget elementor-widget-wp-widget-swissdelight_core_button\" data-id=\"03405b3\" data-element_type=\"widget\" data-widget_type=\"wp-widget-swissdelight_core_button.default\">\n\t\t\t\t<div class=\"elementor-widget-container\">\n\t\t\t\t\t<a class=\"qodef-shortcode qodef-m  qodef-button qodef-layout--filled  qodef-html--link  \" href=\"\/fr\/portions-individuelles\/\" target=\"_self\" data-hover-background-color=\"#000\" style=\"background-color: #f89aba\">\n\t<span class=\"qodef-m-text\">Cat\u00e9gorie Suivante\t\t\t<\/span>\n<\/a>\n\t\t\t\t<\/div>\n\t\t\t\t<\/div>\n\t\t\t\t\t<\/div>\n\t\t<\/div>\n\t\t\t\t\t<\/div>\n\t\t<\/section>\n\t\t\t\t\t<\/div>\n\t\t<\/div>\n\t\t\t\t\t<\/div>\n\t\t<\/section>\n\t\t\t\t<\/div>\n\t\t","protected":false},"excerpt":{"rendered":"<p>Autre que les g\u00e2teaux au fromage et les g\u00e2teaux au chocolat, il ya le monde merveilleux des plaisirs d\u00e9cadents de Daboom. Reconnaissable et nostalgique, la vari\u00e9t\u00e9 des couleurs et des saveurs de nos Plaisirs D\u00e9cadents fabriqu\u00e9s \u00e0 la main sert \u00e0 compl\u00e9ter harmonieusement tous les menus de desserts. Key Lime Divine Decadent Pleasures Colossal Carrot [&hellip;]<\/p>\n","protected":false},"author":5,"featured_media":0,"parent":0,"menu_order":0,"comment_status":"closed","ping_status":"closed","template":"","meta":{"_acf_changed":false,"content-type":"","footnotes":""},"class_list":["post-13829","page","type-page","status-publish","hentry"],"acf":[],"yoast_head":"<!-- This site is optimized with the Yoast SEO plugin v25.5 - https:\/\/yoast.com\/wordpress\/plugins\/seo\/ -->\n<title>Plaisirs D\u00e9cadents - Daboom Desserts<\/title>\n<meta name=\"robots\" content=\"index, follow, max-snippet:-1, max-image-preview:large, max-video-preview:-1\" \/>\n<link rel=\"canonical\" href=\"https:\/\/daboomdesserts.com\/decadent-pleasures\/\" \/>\n<meta property=\"og:locale\" content=\"fr_FR\" \/>\n<meta property=\"og:type\" content=\"article\" \/>\n<meta property=\"og:title\" content=\"Plaisirs D\u00e9cadents - Daboom Desserts\" \/>\n<meta property=\"og:description\" content=\"Autre que les g\u00e2teaux au fromage et les g\u00e2teaux au chocolat, il ya le monde merveilleux des plaisirs d\u00e9cadents de Daboom. Reconnaissable et nostalgique, la vari\u00e9t\u00e9 des couleurs et des saveurs de nos Plaisirs D\u00e9cadents fabriqu\u00e9s \u00e0 la main sert \u00e0 compl\u00e9ter harmonieusement tous les menus de desserts. Key Lime Divine Decadent Pleasures Colossal Carrot [&hellip;]\" \/>\n<meta property=\"og:url\" content=\"https:\/\/daboomdesserts.com\/decadent-pleasures\/\" \/>\n<meta property=\"og:site_name\" content=\"Daboom Desserts\" \/>\n<meta property=\"article:modified_time\" content=\"2024-04-29T13:39:57+00:00\" \/>\n<meta property=\"og:image\" content=\"https:\/\/daboomdesserts.com\/wp-content\/uploads\/2021\/11\/Keylime-site.jpg\" \/>\n<meta name=\"twitter:card\" content=\"summary_large_image\" \/>\n<meta name=\"twitter:label1\" content=\"Dur\u00e9e de lecture estim\u00e9e\" \/>\n\t<meta name=\"twitter:data1\" content=\"2 minutes\" \/>\n<script type=\"application\/ld+json\" class=\"yoast-schema-graph\">{\"@context\":\"https:\/\/schema.org\",\"@graph\":[{\"@type\":\"WebPage\",\"@id\":\"https:\/\/daboomdesserts.com\/decadent-pleasures\/\",\"url\":\"https:\/\/daboomdesserts.com\/decadent-pleasures\/\",\"name\":\"Plaisirs D\u00e9cadents - Daboom Desserts\",\"isPartOf\":{\"@id\":\"https:\/\/daboomdesserts.com\/#website\"},\"primaryImageOfPage\":{\"@id\":\"https:\/\/daboomdesserts.com\/decadent-pleasures\/#primaryimage\"},\"image\":{\"@id\":\"https:\/\/daboomdesserts.com\/decadent-pleasures\/#primaryimage\"},\"thumbnailUrl\":\"https:\/\/daboomdesserts.com\/wp-content\/uploads\/2021\/11\/Keylime-site.jpg\",\"datePublished\":\"2021-11-22T18:02:50+00:00\",\"dateModified\":\"2024-04-29T13:39:57+00:00\",\"breadcrumb\":{\"@id\":\"https:\/\/daboomdesserts.com\/decadent-pleasures\/#breadcrumb\"},\"inLanguage\":\"fr-FR\",\"potentialAction\":[{\"@type\":\"ReadAction\",\"target\":[\"https:\/\/daboomdesserts.com\/decadent-pleasures\/\"]}]},{\"@type\":\"ImageObject\",\"inLanguage\":\"fr-FR\",\"@id\":\"https:\/\/daboomdesserts.com\/decadent-pleasures\/#primaryimage\",\"url\":\"https:\/\/daboomdesserts.com\/wp-content\/uploads\/2021\/11\/Keylime-site.jpg\",\"contentUrl\":\"https:\/\/daboomdesserts.com\/wp-content\/uploads\/2021\/11\/Keylime-site.jpg\"},{\"@type\":\"BreadcrumbList\",\"@id\":\"https:\/\/daboomdesserts.com\/decadent-pleasures\/#breadcrumb\",\"itemListElement\":[{\"@type\":\"ListItem\",\"position\":1,\"name\":\"Home\",\"item\":\"https:\/\/daboomdesserts.com\/fr\/\"},{\"@type\":\"ListItem\",\"position\":2,\"name\":\"Plaisirs D\u00e9cadents\"}]},{\"@type\":\"WebSite\",\"@id\":\"https:\/\/daboomdesserts.com\/#website\",\"url\":\"https:\/\/daboomdesserts.com\/\",\"name\":\"Daboom Desserts\",\"description\":\"Daboom Desserts a pour objectif de cr\u00e9er des plaisirs gourmands artisanaux, faits \u00e0 la main et inoubliables \u00e0 partir d\u2019ingr\u00e9dients s\u00e9lectionn\u00e9s de source responsable.\",\"potentialAction\":[{\"@type\":\"SearchAction\",\"target\":{\"@type\":\"EntryPoint\",\"urlTemplate\":\"https:\/\/daboomdesserts.com\/?s={search_term_string}\"},\"query-input\":{\"@type\":\"PropertyValueSpecification\",\"valueRequired\":true,\"valueName\":\"search_term_string\"}}],\"inLanguage\":\"fr-FR\"}]}<\/script>\n<!-- \/ Yoast SEO plugin. -->","yoast_head_json":{"title":"Plaisirs D\u00e9cadents - Daboom Desserts","robots":{"index":"index","follow":"follow","max-snippet":"max-snippet:-1","max-image-preview":"max-image-preview:large","max-video-preview":"max-video-preview:-1"},"canonical":"https:\/\/daboomdesserts.com\/decadent-pleasures\/","og_locale":"fr_FR","og_type":"article","og_title":"Plaisirs D\u00e9cadents - Daboom Desserts","og_description":"Autre que les g\u00e2teaux au fromage et les g\u00e2teaux au chocolat, il ya le monde merveilleux des plaisirs d\u00e9cadents de Daboom. Reconnaissable et nostalgique, la vari\u00e9t\u00e9 des couleurs et des saveurs de nos Plaisirs D\u00e9cadents fabriqu\u00e9s \u00e0 la main sert \u00e0 compl\u00e9ter harmonieusement tous les menus de desserts. Key Lime Divine Decadent Pleasures Colossal Carrot [&hellip;]","og_url":"https:\/\/daboomdesserts.com\/decadent-pleasures\/","og_site_name":"Daboom Desserts","article_modified_time":"2024-04-29T13:39:57+00:00","og_image":[{"url":"https:\/\/daboomdesserts.com\/wp-content\/uploads\/2021\/11\/Keylime-site.jpg","type":"","width":"","height":""}],"twitter_card":"summary_large_image","twitter_misc":{"Dur\u00e9e de lecture estim\u00e9e":"2 minutes"},"schema":{"@context":"https:\/\/schema.org","@graph":[{"@type":"WebPage","@id":"https:\/\/daboomdesserts.com\/decadent-pleasures\/","url":"https:\/\/daboomdesserts.com\/decadent-pleasures\/","name":"Plaisirs D\u00e9cadents - Daboom Desserts","isPartOf":{"@id":"https:\/\/daboomdesserts.com\/#website"},"primaryImageOfPage":{"@id":"https:\/\/daboomdesserts.com\/decadent-pleasures\/#primaryimage"},"image":{"@id":"https:\/\/daboomdesserts.com\/decadent-pleasures\/#primaryimage"},"thumbnailUrl":"https:\/\/daboomdesserts.com\/wp-content\/uploads\/2021\/11\/Keylime-site.jpg","datePublished":"2021-11-22T18:02:50+00:00","dateModified":"2024-04-29T13:39:57+00:00","breadcrumb":{"@id":"https:\/\/daboomdesserts.com\/decadent-pleasures\/#breadcrumb"},"inLanguage":"fr-FR","potentialAction":[{"@type":"ReadAction","target":["https:\/\/daboomdesserts.com\/decadent-pleasures\/"]}]},{"@type":"ImageObject","inLanguage":"fr-FR","@id":"https:\/\/daboomdesserts.com\/decadent-pleasures\/#primaryimage","url":"https:\/\/daboomdesserts.com\/wp-content\/uploads\/2021\/11\/Keylime-site.jpg","contentUrl":"https:\/\/daboomdesserts.com\/wp-content\/uploads\/2021\/11\/Keylime-site.jpg"},{"@type":"BreadcrumbList","@id":"https:\/\/daboomdesserts.com\/decadent-pleasures\/#breadcrumb","itemListElement":[{"@type":"ListItem","position":1,"name":"Home","item":"https:\/\/daboomdesserts.com\/fr\/"},{"@type":"ListItem","position":2,"name":"Plaisirs D\u00e9cadents"}]},{"@type":"WebSite","@id":"https:\/\/daboomdesserts.com\/#website","url":"https:\/\/daboomdesserts.com\/","name":"Daboom Desserts","description":"Daboom Desserts a pour objectif de cr\u00e9er des plaisirs gourmands artisanaux, faits \u00e0 la main et inoubliables \u00e0 partir d\u2019ingr\u00e9dients s\u00e9lectionn\u00e9s de source responsable.","potentialAction":[{"@type":"SearchAction","target":{"@type":"EntryPoint","urlTemplate":"https:\/\/daboomdesserts.com\/?s={search_term_string}"},"query-input":{"@type":"PropertyValueSpecification","valueRequired":true,"valueName":"search_term_string"}}],"inLanguage":"fr-FR"}]}},"_links":{"self":[{"href":"https:\/\/daboomdesserts.com\/fr\/wp-json\/wp\/v2\/pages\/13829"}],"collection":[{"href":"https:\/\/daboomdesserts.com\/fr\/wp-json\/wp\/v2\/pages"}],"about":[{"href":"https:\/\/daboomdesserts.com\/fr\/wp-json\/wp\/v2\/types\/page"}],"author":[{"embeddable":true,"href":"https:\/\/daboomdesserts.com\/fr\/wp-json\/wp\/v2\/users\/5"}],"replies":[{"embeddable":true,"href":"https:\/\/daboomdesserts.com\/fr\/wp-json\/wp\/v2\/comments?post=13829"}],"version-history":[{"count":25,"href":"https:\/\/daboomdesserts.com\/fr\/wp-json\/wp\/v2\/pages\/13829\/revisions"}],"predecessor-version":[{"id":15618,"href":"https:\/\/daboomdesserts.com\/fr\/wp-json\/wp\/v2\/pages\/13829\/revisions\/15618"}],"wp:attachment":[{"href":"https:\/\/daboomdesserts.com\/fr\/wp-json\/wp\/v2\/media?parent=13829"}],"curies":[{"name":"wp","href":"https:\/\/api.w.org\/{rel}","templated":true}]}}