{"id":13826,"date":"2021-11-23T17:01:41","date_gmt":"2021-11-23T17:01:41","guid":{"rendered":"https:\/\/staging.daboomdesserts.com\/vegan-desserts\/"},"modified":"2024-04-29T13:40:48","modified_gmt":"2024-04-29T13:40:48","slug":"desserts-vegetaliens","status":"publish","type":"page","link":"https:\/\/daboomdesserts.com\/fr\/desserts-vegetaliens\/","title":{"rendered":"Desserts V\u00e9g\u00e9taliens"},"content":{"rendered":"\t\t<div data-elementor-type=\"wp-page\" data-elementor-id=\"13826\" class=\"elementor elementor-13826 elementor-12601\">\n\t\t\t\t\t\t<section class=\"elementor-section elementor-top-section elementor-element elementor-element-682434c elementor-section-stretched elementor-section-boxed elementor-section-height-default elementor-section-height-default qodef-elementor-content-no\" data-id=\"682434c\" data-element_type=\"section\" id=\"our-desserts\" data-settings=\"{&quot;stretch_section&quot;:&quot;section-stretched&quot;}\">\n\t\t\t\t\t\t<div class=\"elementor-container elementor-column-gap-default\">\n\t\t\t\t\t<div class=\"elementor-column elementor-col-100 elementor-top-column elementor-element elementor-element-fe0d111\" data-id=\"fe0d111\" data-element_type=\"column\">\n\t\t\t<div class=\"elementor-widget-wrap elementor-element-populated\">\n\t\t\t\t\t\t<div class=\"elementor-element elementor-element-c1c87ca elementor-widget elementor-widget-swissdelight_core_portfolio_list\" data-id=\"c1c87ca\" data-element_type=\"widget\" data-widget_type=\"swissdelight_core_portfolio_list.default\">\n\t\t\t\t<div class=\"elementor-widget-container\">\n\t\t\t\t\t<div class=\"qodef-shortcode qodef-m custom-row qodef-portfolio-list qodef-item-layout--info-below qodef-grid qodef-layout--columns  qodef-gutter--normal qodef-col-num--4 qodef-item-layout--info-below qodef--no-bottom-space qodef-pagination--off qodef-responsive--predefined qodef-hover-animation--overlay\" data-options=\"{&quot;plugin&quot;:&quot;swissdelight_core&quot;,&quot;module&quot;:&quot;post-types\\\/portfolio\\\/shortcodes&quot;,&quot;shortcode&quot;:&quot;portfolio-list&quot;,&quot;post_type&quot;:&quot;portfolio-item&quot;,&quot;next_page&quot;:&quot;2&quot;,&quot;max_pages_num&quot;:1,&quot;custom_class&quot;:&quot;custom-row&quot;,&quot;behavior&quot;:&quot;columns&quot;,&quot;images_proportion&quot;:&quot;full&quot;,&quot;columns&quot;:&quot;4&quot;,&quot;columns_responsive&quot;:&quot;predefined&quot;,&quot;space&quot;:&quot;normal&quot;,&quot;posts_per_page&quot;:&quot;9&quot;,&quot;orderby&quot;:&quot;ID&quot;,&quot;order&quot;:&quot;DESC&quot;,&quot;additional_params&quot;:&quot;tax&quot;,&quot;tax&quot;:&quot;portfolio-category&quot;,&quot;tax__in&quot;:&quot;107&quot;,&quot;layout&quot;:&quot;info-below&quot;,&quot;hover_animation_info-below&quot;:&quot;overlay&quot;,&quot;hover_animation_info-on-hover&quot;:&quot;fade-in&quot;,&quot;title_tag&quot;:&quot;h5&quot;,&quot;custom_padding&quot;:&quot;no&quot;,&quot;pagination_type&quot;:&quot;no-pagination&quot;,&quot;object_class_name&quot;:&quot;SwissDelightCore_Portfolio_List_Shortcode&quot;,&quot;taxonomy_filter&quot;:&quot;portfolio-category&quot;,&quot;additional_query_args&quot;:{&quot;tax_query&quot;:[{&quot;taxonomy&quot;:&quot;portfolio-category&quot;,&quot;field&quot;:&quot;term_id&quot;,&quot;terms&quot;:[107]}]},&quot;space_value&quot;:15}\">\n\t\t<div class=\"qodef-grid-inner clear\">\n\t\t<article class=\"qodef-e qodef-grid-item qodef-item--full post-14613 portfolio-item type-portfolio-item status-publish has-post-thumbnail hentry portfolio-category-vegetalien\">\n\t<div class=\"qodef-e-inner\" >\n\t\t<div class=\"qodef-e-image\">\n\t\t\t\t<div class=\"qodef-e-media-image\">\n\t\t<a itemprop=\"url\" href=\"https:\/\/daboomdesserts.com\/fr\/portfolio-item\/genial-brownie-vegetalien-2\/\">\n\t\t\t<img fetchpriority=\"high\" decoding=\"async\" width=\"733\" height=\"803\" src=\"https:\/\/daboomdesserts.com\/wp-content\/uploads\/2021\/11\/Brownie.jpg\" class=\"attachment-full size-full wp-post-image\" alt=\"\" srcset=\"https:\/\/daboomdesserts.com\/wp-content\/uploads\/2021\/11\/Brownie.jpg 733w, https:\/\/daboomdesserts.com\/wp-content\/uploads\/2021\/11\/Brownie-274x300.jpg 274w\" sizes=\"(max-width: 733px) 100vw, 733px\" \/>\t\t<\/a>\n\t<\/div>\n\t\t<\/div>\n\t\t<div class=\"qodef-e-content\" >\n\t\t\t<div class=\"qodef-e-info qodef-info--top\">\n\t\t\t\t<h5 itemprop=\"name\" class=\"qodef-e-title entry-title\" >\n\t<a itemprop=\"url\" class=\"qodef-e-title-link\" href=\"https:\/\/daboomdesserts.com\/fr\/portfolio-item\/genial-brownie-vegetalien-2\/\">\n\t\tG\u00e9nial Brownie (V\u00e9g\u00e9talien)\t<\/a>\n<\/h5>\n\t\t\t<\/div>\n\t\t\t\t<div class=\"qodef-e qodef-info--category\">\n\t\t<a href=\"https:\/\/daboomdesserts.com\/fr\/portfolio-category\/vegetalien\/\" rel=\"tag\">V\u00e9g\u00e9talien<\/a>\t\t<div class=\"qodef-info-separator-end\"><\/div>\n\t<\/div>\n\t\t<\/div>\n\t<\/div>\n<\/article>\n<article class=\"qodef-e qodef-grid-item qodef-item--full post-13796 portfolio-item type-portfolio-item status-publish has-post-thumbnail hentry portfolio-category-barres portfolio-category-gluten-free-fr portfolio-category-sans-gluten portfolio-category-vegetalien\">\n\t<div class=\"qodef-e-inner\" >\n\t\t<div class=\"qodef-e-image\">\n\t\t\t\t<div class=\"qodef-e-media-image\">\n\t\t<a itemprop=\"url\" href=\"https:\/\/daboomdesserts.com\/fr\/portfolio-item\/croustillant-reconfort-aux-pommes\/\">\n\t\t\t<img decoding=\"async\" width=\"700\" height=\"875\" src=\"https:\/\/daboomdesserts.com\/wp-content\/uploads\/2021\/10\/apple-cobber_thumbnail.jpg\" class=\"attachment-full size-full wp-post-image\" alt=\"\" srcset=\"https:\/\/daboomdesserts.com\/wp-content\/uploads\/2021\/10\/apple-cobber_thumbnail.jpg 700w, https:\/\/daboomdesserts.com\/wp-content\/uploads\/2021\/10\/apple-cobber_thumbnail-240x300.jpg 240w\" sizes=\"(max-width: 700px) 100vw, 700px\" \/>\t\t<\/a>\n\t<\/div>\n\t\t<\/div>\n\t\t<div class=\"qodef-e-content\" >\n\t\t\t<div class=\"qodef-e-info qodef-info--top\">\n\t\t\t\t<h5 itemprop=\"name\" class=\"qodef-e-title entry-title\" >\n\t<a itemprop=\"url\" class=\"qodef-e-title-link\" href=\"https:\/\/daboomdesserts.com\/fr\/portfolio-item\/croustillant-reconfort-aux-pommes\/\">\n\t\tCroustillant r\u00e9confort aux pommes (V\u00e9g\u00e9talien et sans gluten)\t<\/a>\n<\/h5>\n\t\t\t<\/div>\n\t\t\t\t<div class=\"qodef-e qodef-info--category\">\n\t\t<a href=\"https:\/\/daboomdesserts.com\/fr\/portfolio-category\/barres\/\" rel=\"tag\">Barres<\/a><span class=\"qodef-category-separator\"><\/span><a href=\"https:\/\/daboomdesserts.com\/fr\/portfolio-category\/gluten-free-fr\/\" rel=\"tag\">Gluten Free<\/a><span class=\"qodef-category-separator\"><\/span><a href=\"https:\/\/daboomdesserts.com\/fr\/portfolio-category\/sans-gluten\/\" rel=\"tag\">Sans Gluten<\/a><span class=\"qodef-category-separator\"><\/span><a href=\"https:\/\/daboomdesserts.com\/fr\/portfolio-category\/vegetalien\/\" rel=\"tag\">V\u00e9g\u00e9talien<\/a>\t\t<div class=\"qodef-info-separator-end\"><\/div>\n\t<\/div>\n\t\t<\/div>\n\t<\/div>\n<\/article>\n\t<\/div>\n\t<\/div>\n\t\t\t\t<\/div>\n\t\t\t\t<\/div>\n\t\t\t\t\t<\/div>\n\t\t<\/div>\n\t\t\t\t\t<\/div>\n\t\t<\/section>\n\t\t\t\t<section class=\"elementor-section elementor-top-section elementor-element elementor-element-183ef77 elementor-section-boxed elementor-section-height-default elementor-section-height-default qodef-elementor-content-no\" data-id=\"183ef77\" data-element_type=\"section\">\n\t\t\t\t\t\t<div class=\"elementor-container elementor-column-gap-default\">\n\t\t\t\t\t<div class=\"elementor-column elementor-col-100 elementor-top-column elementor-element elementor-element-7ff4e02\" data-id=\"7ff4e02\" data-element_type=\"column\">\n\t\t\t<div class=\"elementor-widget-wrap elementor-element-populated\">\n\t\t\t\t\t\t<section class=\"elementor-section elementor-inner-section elementor-element elementor-element-e825a51 elementor-section-boxed elementor-section-height-default elementor-section-height-default qodef-elementor-content-no\" data-id=\"e825a51\" data-element_type=\"section\">\n\t\t\t\t\t\t<div class=\"elementor-container elementor-column-gap-default\">\n\t\t\t\t\t<div class=\"elementor-column elementor-col-50 elementor-inner-column elementor-element elementor-element-da584e9\" data-id=\"da584e9\" data-element_type=\"column\">\n\t\t\t<div class=\"elementor-widget-wrap elementor-element-populated\">\n\t\t\t\t\t\t<div class=\"elementor-element elementor-element-eb03d9b text-right text-xs-center cat-btn elementor-widget elementor-widget-wp-widget-swissdelight_core_button\" data-id=\"eb03d9b\" data-element_type=\"widget\" data-widget_type=\"wp-widget-swissdelight_core_button.default\">\n\t\t\t\t<div class=\"elementor-widget-container\">\n\t\t\t\t\t<a class=\"qodef-shortcode qodef-m  qodef-button qodef-layout--filled  qodef-html--link  \" href=\"\/fr\/portions-individuelles\/\" target=\"_self\" data-hover-background-color=\"#000\" style=\"background-color: #f89aba\">\n\t<span class=\"qodef-m-text\">Cat\u00e9gorie Pr\u00e9c\u00e9dente\t\t\t<\/span>\n<\/a>\n\t\t\t\t<\/div>\n\t\t\t\t<\/div>\n\t\t\t\t\t<\/div>\n\t\t<\/div>\n\t\t\t\t<div class=\"elementor-column elementor-col-50 elementor-inner-column elementor-element elementor-element-0948b07\" data-id=\"0948b07\" data-element_type=\"column\">\n\t\t\t<div class=\"elementor-widget-wrap elementor-element-populated\">\n\t\t\t\t\t\t<div class=\"elementor-element elementor-element-4f0d235 cat-btn text-xs-center elementor-widget elementor-widget-wp-widget-swissdelight_core_button\" data-id=\"4f0d235\" data-element_type=\"widget\" data-widget_type=\"wp-widget-swissdelight_core_button.default\">\n\t\t\t\t<div class=\"elementor-widget-container\">\n\t\t\t\t\t<a class=\"qodef-shortcode qodef-m  qodef-button qodef-layout--filled  qodef-html--link  \" href=\"\/fr\/sans-gluten\/\" target=\"_self\" data-hover-background-color=\"#000\" style=\"background-color: #f89aba\">\n\t<span class=\"qodef-m-text\">Cat\u00e9gorie Suivante\t\t\t<\/span>\n<\/a>\n\t\t\t\t<\/div>\n\t\t\t\t<\/div>\n\t\t\t\t\t<\/div>\n\t\t<\/div>\n\t\t\t\t\t<\/div>\n\t\t<\/section>\n\t\t\t\t\t<\/div>\n\t\t<\/div>\n\t\t\t\t\t<\/div>\n\t\t<\/section>\n\t\t\t\t<\/div>\n\t\t","protected":false},"excerpt":{"rendered":"<p>No posts were found for provided query parameters.<\/p>\n","protected":false},"author":5,"featured_media":0,"parent":0,"menu_order":0,"comment_status":"closed","ping_status":"closed","template":"","meta":{"_acf_changed":false,"content-type":"","footnotes":""},"class_list":["post-13826","page","type-page","status-publish","hentry"],"acf":[],"yoast_head":"<!-- This site is optimized with the Yoast SEO plugin v25.5 - https:\/\/yoast.com\/wordpress\/plugins\/seo\/ -->\n<title>Desserts V\u00e9g\u00e9taliens - Daboom Desserts<\/title>\n<meta name=\"robots\" content=\"index, follow, max-snippet:-1, max-image-preview:large, max-video-preview:-1\" \/>\n<link rel=\"canonical\" href=\"https:\/\/daboomdesserts.com\/vegan-desserts\/\" \/>\n<meta property=\"og:locale\" content=\"fr_FR\" \/>\n<meta property=\"og:type\" content=\"article\" \/>\n<meta property=\"og:title\" content=\"Desserts V\u00e9g\u00e9taliens - Daboom Desserts\" \/>\n<meta property=\"og:description\" content=\"No posts were found for provided query parameters.\" \/>\n<meta property=\"og:url\" content=\"https:\/\/daboomdesserts.com\/vegan-desserts\/\" \/>\n<meta property=\"og:site_name\" content=\"Daboom Desserts\" \/>\n<meta property=\"article:modified_time\" content=\"2024-04-29T13:40:48+00:00\" \/>\n<meta property=\"og:image\" content=\"https:\/\/daboomdesserts.com\/wp-content\/uploads\/2022\/01\/og-1.jpg\" \/>\n\t<meta property=\"og:image:width\" content=\"1899\" \/>\n\t<meta property=\"og:image:height\" content=\"821\" \/>\n\t<meta property=\"og:image:type\" content=\"image\/jpeg\" \/>\n<meta name=\"twitter:card\" content=\"summary_large_image\" \/>\n<meta name=\"twitter:label1\" content=\"Dur\u00e9e de lecture estim\u00e9e\" \/>\n\t<meta name=\"twitter:data1\" content=\"1 minute\" \/>\n<script type=\"application\/ld+json\" class=\"yoast-schema-graph\">{\"@context\":\"https:\/\/schema.org\",\"@graph\":[{\"@type\":\"WebPage\",\"@id\":\"https:\/\/daboomdesserts.com\/vegan-desserts\/\",\"url\":\"https:\/\/daboomdesserts.com\/vegan-desserts\/\",\"name\":\"Desserts V\u00e9g\u00e9taliens - Daboom Desserts\",\"isPartOf\":{\"@id\":\"https:\/\/daboomdesserts.com\/#website\"},\"datePublished\":\"2021-11-23T17:01:41+00:00\",\"dateModified\":\"2024-04-29T13:40:48+00:00\",\"breadcrumb\":{\"@id\":\"https:\/\/daboomdesserts.com\/vegan-desserts\/#breadcrumb\"},\"inLanguage\":\"fr-FR\",\"potentialAction\":[{\"@type\":\"ReadAction\",\"target\":[\"https:\/\/daboomdesserts.com\/vegan-desserts\/\"]}]},{\"@type\":\"BreadcrumbList\",\"@id\":\"https:\/\/daboomdesserts.com\/vegan-desserts\/#breadcrumb\",\"itemListElement\":[{\"@type\":\"ListItem\",\"position\":1,\"name\":\"Home\",\"item\":\"https:\/\/daboomdesserts.com\/fr\/\"},{\"@type\":\"ListItem\",\"position\":2,\"name\":\"Desserts V\u00e9g\u00e9taliens\"}]},{\"@type\":\"WebSite\",\"@id\":\"https:\/\/daboomdesserts.com\/#website\",\"url\":\"https:\/\/daboomdesserts.com\/\",\"name\":\"Daboom Desserts\",\"description\":\"Daboom Desserts a pour objectif de cr\u00e9er des plaisirs gourmands artisanaux, faits \u00e0 la main et inoubliables \u00e0 partir d\u2019ingr\u00e9dients s\u00e9lectionn\u00e9s de source responsable.\",\"potentialAction\":[{\"@type\":\"SearchAction\",\"target\":{\"@type\":\"EntryPoint\",\"urlTemplate\":\"https:\/\/daboomdesserts.com\/?s={search_term_string}\"},\"query-input\":{\"@type\":\"PropertyValueSpecification\",\"valueRequired\":true,\"valueName\":\"search_term_string\"}}],\"inLanguage\":\"fr-FR\"}]}<\/script>\n<!-- \/ Yoast SEO plugin. -->","yoast_head_json":{"title":"Desserts V\u00e9g\u00e9taliens - Daboom Desserts","robots":{"index":"index","follow":"follow","max-snippet":"max-snippet:-1","max-image-preview":"max-image-preview:large","max-video-preview":"max-video-preview:-1"},"canonical":"https:\/\/daboomdesserts.com\/vegan-desserts\/","og_locale":"fr_FR","og_type":"article","og_title":"Desserts V\u00e9g\u00e9taliens - Daboom Desserts","og_description":"No posts were found for provided query parameters.","og_url":"https:\/\/daboomdesserts.com\/vegan-desserts\/","og_site_name":"Daboom Desserts","article_modified_time":"2024-04-29T13:40:48+00:00","og_image":[{"width":1899,"height":821,"url":"https:\/\/daboomdesserts.com\/wp-content\/uploads\/2022\/01\/og-1.jpg","type":"image\/jpeg"}],"twitter_card":"summary_large_image","twitter_misc":{"Dur\u00e9e de lecture estim\u00e9e":"1 minute"},"schema":{"@context":"https:\/\/schema.org","@graph":[{"@type":"WebPage","@id":"https:\/\/daboomdesserts.com\/vegan-desserts\/","url":"https:\/\/daboomdesserts.com\/vegan-desserts\/","name":"Desserts V\u00e9g\u00e9taliens - Daboom Desserts","isPartOf":{"@id":"https:\/\/daboomdesserts.com\/#website"},"datePublished":"2021-11-23T17:01:41+00:00","dateModified":"2024-04-29T13:40:48+00:00","breadcrumb":{"@id":"https:\/\/daboomdesserts.com\/vegan-desserts\/#breadcrumb"},"inLanguage":"fr-FR","potentialAction":[{"@type":"ReadAction","target":["https:\/\/daboomdesserts.com\/vegan-desserts\/"]}]},{"@type":"BreadcrumbList","@id":"https:\/\/daboomdesserts.com\/vegan-desserts\/#breadcrumb","itemListElement":[{"@type":"ListItem","position":1,"name":"Home","item":"https:\/\/daboomdesserts.com\/fr\/"},{"@type":"ListItem","position":2,"name":"Desserts V\u00e9g\u00e9taliens"}]},{"@type":"WebSite","@id":"https:\/\/daboomdesserts.com\/#website","url":"https:\/\/daboomdesserts.com\/","name":"Daboom Desserts","description":"Daboom Desserts a pour objectif de cr\u00e9er des plaisirs gourmands artisanaux, faits \u00e0 la main et inoubliables \u00e0 partir d\u2019ingr\u00e9dients s\u00e9lectionn\u00e9s de source responsable.","potentialAction":[{"@type":"SearchAction","target":{"@type":"EntryPoint","urlTemplate":"https:\/\/daboomdesserts.com\/?s={search_term_string}"},"query-input":{"@type":"PropertyValueSpecification","valueRequired":true,"valueName":"search_term_string"}}],"inLanguage":"fr-FR"}]}},"_links":{"self":[{"href":"https:\/\/daboomdesserts.com\/fr\/wp-json\/wp\/v2\/pages\/13826"}],"collection":[{"href":"https:\/\/daboomdesserts.com\/fr\/wp-json\/wp\/v2\/pages"}],"about":[{"href":"https:\/\/daboomdesserts.com\/fr\/wp-json\/wp\/v2\/types\/page"}],"author":[{"embeddable":true,"href":"https:\/\/daboomdesserts.com\/fr\/wp-json\/wp\/v2\/users\/5"}],"replies":[{"embeddable":true,"href":"https:\/\/daboomdesserts.com\/fr\/wp-json\/wp\/v2\/comments?post=13826"}],"version-history":[{"count":31,"href":"https:\/\/daboomdesserts.com\/fr\/wp-json\/wp\/v2\/pages\/13826\/revisions"}],"predecessor-version":[{"id":15624,"href":"https:\/\/daboomdesserts.com\/fr\/wp-json\/wp\/v2\/pages\/13826\/revisions\/15624"}],"wp:attachment":[{"href":"https:\/\/daboomdesserts.com\/fr\/wp-json\/wp\/v2\/media?parent=13826"}],"curies":[{"name":"wp","href":"https:\/\/api.w.org\/{rel}","templated":true}]}}