{"id":13819,"date":"2021-12-07T14:47:41","date_gmt":"2021-12-07T14:47:41","guid":{"rendered":"https:\/\/staging.daboomdesserts.com\/all-our-desserts\/"},"modified":"2026-03-19T15:24:15","modified_gmt":"2026-03-19T15:24:15","slug":"categories-de-desserts","status":"publish","type":"page","link":"https:\/\/daboomdesserts.com\/fr\/categories-de-desserts\/","title":{"rendered":"Cat\u00e9gories de desserts"},"content":{"rendered":"\t\t<div data-elementor-type=\"wp-page\" data-elementor-id=\"13819\" class=\"elementor elementor-13819 elementor-12887\">\n\t\t\t\t\t\t<section class=\"elementor-section elementor-top-section elementor-element elementor-element-04c0ac1 elementor-section-boxed elementor-section-height-default elementor-section-height-default qodef-elementor-content-no\" data-id=\"04c0ac1\" data-element_type=\"section\" id=\"home-cats\">\n\t\t\t\t\t\t<div class=\"elementor-container elementor-column-gap-default\">\n\t\t\t\t\t<div class=\"elementor-column elementor-col-25 elementor-top-column elementor-element elementor-element-d01d394 text-center\" data-id=\"d01d394\" data-element_type=\"column\">\n\t\t\t<div class=\"elementor-widget-wrap elementor-element-populated\">\n\t\t\t\t\t\t<div class=\"elementor-element elementor-element-27dc1be elementor-widget elementor-widget-image\" data-id=\"27dc1be\" data-element_type=\"widget\" data-widget_type=\"image.default\">\n\t\t\t\t<div class=\"elementor-widget-container\">\n\t\t\t\t\t\t\t\t\t\t\t\t\t\t\t\t<a href=\"https:\/\/daboomdesserts.com\/fr\/barres\/\">\n\t\t\t\t\t\t\t<img fetchpriority=\"high\" decoding=\"async\" width=\"700\" height=\"875\" src=\"https:\/\/daboomdesserts.com\/wp-content\/uploads\/2025\/08\/OreoBar_Website_Thumbnail.jpg\" class=\"attachment-large size-large wp-image-15999\" alt=\"\" srcset=\"https:\/\/daboomdesserts.com\/wp-content\/uploads\/2025\/08\/OreoBar_Website_Thumbnail.jpg 700w, https:\/\/daboomdesserts.com\/wp-content\/uploads\/2025\/08\/OreoBar_Website_Thumbnail-240x300.jpg 240w\" sizes=\"(max-width: 700px) 100vw, 700px\" \/>\t\t\t\t\t\t\t\t<\/a>\n\t\t\t\t\t\t\t\t\t\t\t\t\t\t\t<\/div>\n\t\t\t\t<\/div>\n\t\t\t\t<div class=\"elementor-element elementor-element-223c53a elementor-widget elementor-widget-wp-widget-swissdelight_core_button\" data-id=\"223c53a\" data-element_type=\"widget\" data-widget_type=\"wp-widget-swissdelight_core_button.default\">\n\t\t\t\t<div class=\"elementor-widget-container\">\n\t\t\t\t\t<a class=\"qodef-shortcode qodef-m text-center qodef-button qodef-layout--filled  qodef-html--link qodef-has-icon \" href=\"\/fr\/barres\" target=\"_self\"  style=\"color: #000;background-color: transparent\">\n\t<span class=\"qodef-m-text\">Barres\t\t            <svg class=\"qodef-m-svg-icon\" xmlns=\"http:\/\/www.w3.org\/2000\/svg\" xmlns:xlink=\"http:\/\/www.w3.org\/1999\/xlink\" x=\"0px\" y=\"0px\" width=\"35.375px\" height=\"11.125px\" viewBox=\"0 0 35.375 12.125\" enable-background=\"new 0 0 35.375 12.125\" xml:space=\"preserve\"><g><line x1=\"0.198\" y1=\"6.078\" x2=\"35.088\" y2=\"6.047\"\/><line x1=\"29.823\" y1=\"1\" x2=\"34.745\" y2=\"5.922\"\/><line x1=\"29.823\" y1=\"11.125\" x2=\"34.745\" y2=\"6.203\"\/><\/g><\/svg>\t\t\t<\/span>\n<\/a>\n\t\t\t\t<\/div>\n\t\t\t\t<\/div>\n\t\t\t\t\t<\/div>\n\t\t<\/div>\n\t\t\t\t<div class=\"elementor-column elementor-col-25 elementor-top-column elementor-element elementor-element-cb4d439 text-center\" data-id=\"cb4d439\" data-element_type=\"column\">\n\t\t\t<div class=\"elementor-widget-wrap elementor-element-populated\">\n\t\t\t\t\t\t<div class=\"elementor-element elementor-element-f3e7203 elementor-widget elementor-widget-image\" data-id=\"f3e7203\" data-element_type=\"widget\" data-widget_type=\"image.default\">\n\t\t\t\t<div class=\"elementor-widget-container\">\n\t\t\t\t\t\t\t\t\t\t\t\t\t\t\t\t<a href=\"\/fr\/gateaux-au-chocolat\/\">\n\t\t\t\t\t\t\t<img decoding=\"async\" width=\"700\" height=\"875\" src=\"https:\/\/daboomdesserts.com\/wp-content\/uploads\/2025\/09\/TasteOfDubai_thumbnail.jpg\" class=\"attachment-large size-large wp-image-16327\" alt=\"\" srcset=\"https:\/\/daboomdesserts.com\/wp-content\/uploads\/2025\/09\/TasteOfDubai_thumbnail.jpg 700w, https:\/\/daboomdesserts.com\/wp-content\/uploads\/2025\/09\/TasteOfDubai_thumbnail-240x300.jpg 240w\" sizes=\"(max-width: 700px) 100vw, 700px\" \/>\t\t\t\t\t\t\t\t<\/a>\n\t\t\t\t\t\t\t\t\t\t\t\t\t\t\t<\/div>\n\t\t\t\t<\/div>\n\t\t\t\t<div class=\"elementor-element elementor-element-3dc4a60 elementor-widget elementor-widget-wp-widget-swissdelight_core_button\" data-id=\"3dc4a60\" data-element_type=\"widget\" data-widget_type=\"wp-widget-swissdelight_core_button.default\">\n\t\t\t\t<div class=\"elementor-widget-container\">\n\t\t\t\t\t<a class=\"qodef-shortcode qodef-m text-center qodef-button qodef-layout--filled  qodef-html--link qodef-has-icon \" href=\"\/fr\/gateaux-au-chocolat\/\" target=\"_self\"  style=\"color: #000;background-color: transparent\">\n\t<span class=\"qodef-m-text\">G\u00e2teaux au chocolat\t\t            <svg class=\"qodef-m-svg-icon\" xmlns=\"http:\/\/www.w3.org\/2000\/svg\" xmlns:xlink=\"http:\/\/www.w3.org\/1999\/xlink\" x=\"0px\" y=\"0px\" width=\"35.375px\" height=\"11.125px\" viewBox=\"0 0 35.375 12.125\" enable-background=\"new 0 0 35.375 12.125\" xml:space=\"preserve\"><g><line x1=\"0.198\" y1=\"6.078\" x2=\"35.088\" y2=\"6.047\"\/><line x1=\"29.823\" y1=\"1\" x2=\"34.745\" y2=\"5.922\"\/><line x1=\"29.823\" y1=\"11.125\" x2=\"34.745\" y2=\"6.203\"\/><\/g><\/svg>\t\t\t<\/span>\n<\/a>\n\t\t\t\t<\/div>\n\t\t\t\t<\/div>\n\t\t\t\t\t<\/div>\n\t\t<\/div>\n\t\t\t\t<div class=\"elementor-column elementor-col-25 elementor-top-column elementor-element elementor-element-b16660f text-center\" data-id=\"b16660f\" data-element_type=\"column\">\n\t\t\t<div class=\"elementor-widget-wrap elementor-element-populated\">\n\t\t\t\t\t\t<div class=\"elementor-element elementor-element-e44b76d elementor-widget elementor-widget-image\" data-id=\"e44b76d\" data-element_type=\"widget\" data-widget_type=\"image.default\">\n\t\t\t\t<div class=\"elementor-widget-container\">\n\t\t\t\t\t\t\t\t\t\t\t\t\t\t\t\t<a href=\"\/fr\/gateaux-au-fromage\/\">\n\t\t\t\t\t\t\t<img decoding=\"async\" width=\"700\" height=\"875\" src=\"https:\/\/daboomdesserts.com\/wp-content\/uploads\/2025\/09\/Basque_thumbnail.jpg\" class=\"attachment-large size-large wp-image-16329\" alt=\"\" srcset=\"https:\/\/daboomdesserts.com\/wp-content\/uploads\/2025\/09\/Basque_thumbnail.jpg 700w, https:\/\/daboomdesserts.com\/wp-content\/uploads\/2025\/09\/Basque_thumbnail-240x300.jpg 240w\" sizes=\"(max-width: 700px) 100vw, 700px\" \/>\t\t\t\t\t\t\t\t<\/a>\n\t\t\t\t\t\t\t\t\t\t\t\t\t\t\t<\/div>\n\t\t\t\t<\/div>\n\t\t\t\t<div class=\"elementor-element elementor-element-a167c5e elementor-widget elementor-widget-wp-widget-swissdelight_core_button\" data-id=\"a167c5e\" data-element_type=\"widget\" data-widget_type=\"wp-widget-swissdelight_core_button.default\">\n\t\t\t\t<div class=\"elementor-widget-container\">\n\t\t\t\t\t<a class=\"qodef-shortcode qodef-m text-center qodef-button qodef-layout--filled  qodef-html--link qodef-has-icon \" href=\"\/fr\/gateaux-au-fromage\/\" target=\"_self\"  style=\"color: #000;background-color: transparent\">\n\t<span class=\"qodef-m-text\">G\u00e2teaux au fromage\t\t            <svg class=\"qodef-m-svg-icon\" xmlns=\"http:\/\/www.w3.org\/2000\/svg\" xmlns:xlink=\"http:\/\/www.w3.org\/1999\/xlink\" x=\"0px\" y=\"0px\" width=\"35.375px\" height=\"11.125px\" viewBox=\"0 0 35.375 12.125\" enable-background=\"new 0 0 35.375 12.125\" xml:space=\"preserve\"><g><line x1=\"0.198\" y1=\"6.078\" x2=\"35.088\" y2=\"6.047\"\/><line x1=\"29.823\" y1=\"1\" x2=\"34.745\" y2=\"5.922\"\/><line x1=\"29.823\" y1=\"11.125\" x2=\"34.745\" y2=\"6.203\"\/><\/g><\/svg>\t\t\t<\/span>\n<\/a>\n\t\t\t\t<\/div>\n\t\t\t\t<\/div>\n\t\t\t\t\t<\/div>\n\t\t<\/div>\n\t\t\t\t<div class=\"elementor-column elementor-col-25 elementor-top-column elementor-element elementor-element-aa8547d text-center\" data-id=\"aa8547d\" data-element_type=\"column\">\n\t\t\t<div class=\"elementor-widget-wrap elementor-element-populated\">\n\t\t\t\t\t\t<div class=\"elementor-element elementor-element-9cb87b2 elementor-widget elementor-widget-image\" data-id=\"9cb87b2\" data-element_type=\"widget\" data-widget_type=\"image.default\">\n\t\t\t\t<div class=\"elementor-widget-container\">\n\t\t\t\t\t\t\t\t\t\t\t\t\t\t\t\t<a href=\"\/fr\/plaisirs-decadentes\/\">\n\t\t\t\t\t\t\t<img loading=\"lazy\" decoding=\"async\" width=\"700\" height=\"875\" src=\"https:\/\/daboomdesserts.com\/wp-content\/uploads\/2021\/10\/OMG_web_01.jpg\" class=\"attachment-large size-large wp-image-16178\" alt=\"\" srcset=\"https:\/\/daboomdesserts.com\/wp-content\/uploads\/2021\/10\/OMG_web_01.jpg 700w, https:\/\/daboomdesserts.com\/wp-content\/uploads\/2021\/10\/OMG_web_01-240x300.jpg 240w\" sizes=\"(max-width: 700px) 100vw, 700px\" \/>\t\t\t\t\t\t\t\t<\/a>\n\t\t\t\t\t\t\t\t\t\t\t\t\t\t\t<\/div>\n\t\t\t\t<\/div>\n\t\t\t\t<div class=\"elementor-element elementor-element-26c4b02 elementor-widget elementor-widget-wp-widget-swissdelight_core_button\" data-id=\"26c4b02\" data-element_type=\"widget\" data-widget_type=\"wp-widget-swissdelight_core_button.default\">\n\t\t\t\t<div class=\"elementor-widget-container\">\n\t\t\t\t\t<a class=\"qodef-shortcode qodef-m text-center qodef-button qodef-layout--filled  qodef-html--link qodef-has-icon \" href=\"\/fr\/plaisirs-decadentes\/\" target=\"_self\"  style=\"color: #000;background-color: transparent\">\n\t<span class=\"qodef-m-text\">Plaisirs D\u00e9cadentes\t\t            <svg class=\"qodef-m-svg-icon\" xmlns=\"http:\/\/www.w3.org\/2000\/svg\" xmlns:xlink=\"http:\/\/www.w3.org\/1999\/xlink\" x=\"0px\" y=\"0px\" width=\"35.375px\" height=\"11.125px\" viewBox=\"0 0 35.375 12.125\" enable-background=\"new 0 0 35.375 12.125\" xml:space=\"preserve\"><g><line x1=\"0.198\" y1=\"6.078\" x2=\"35.088\" y2=\"6.047\"\/><line x1=\"29.823\" y1=\"1\" x2=\"34.745\" y2=\"5.922\"\/><line x1=\"29.823\" y1=\"11.125\" x2=\"34.745\" y2=\"6.203\"\/><\/g><\/svg>\t\t\t<\/span>\n<\/a>\n\t\t\t\t<\/div>\n\t\t\t\t<\/div>\n\t\t\t\t\t<\/div>\n\t\t<\/div>\n\t\t\t\t\t<\/div>\n\t\t<\/section>\n\t\t\t\t<section class=\"elementor-section elementor-top-section elementor-element elementor-element-1b10d63 elementor-section-boxed elementor-section-height-default elementor-section-height-default qodef-elementor-content-no\" data-id=\"1b10d63\" data-element_type=\"section\" id=\"home-cats\">\n\t\t\t\t\t\t<div class=\"elementor-container elementor-column-gap-default\">\n\t\t\t\t\t<div class=\"elementor-column elementor-col-33 elementor-top-column elementor-element elementor-element-5c6e60c text-center\" data-id=\"5c6e60c\" data-element_type=\"column\">\n\t\t\t<div class=\"elementor-widget-wrap elementor-element-populated\">\n\t\t\t\t\t\t<div class=\"elementor-element elementor-element-4640800 elementor-widget elementor-widget-image\" data-id=\"4640800\" data-element_type=\"widget\" data-widget_type=\"image.default\">\n\t\t\t\t<div class=\"elementor-widget-container\">\n\t\t\t\t\t\t\t\t\t\t\t\t\t\t\t\t<a href=\"\/fr\/portions-individuelles\/\">\n\t\t\t\t\t\t\t<img loading=\"lazy\" decoding=\"async\" width=\"800\" height=\"1000\" src=\"https:\/\/daboomdesserts.com\/wp-content\/uploads\/2021\/10\/molten_website_02.jpg\" class=\"attachment-large size-large wp-image-15890\" alt=\"\" srcset=\"https:\/\/daboomdesserts.com\/wp-content\/uploads\/2021\/10\/molten_website_02.jpg 800w, https:\/\/daboomdesserts.com\/wp-content\/uploads\/2021\/10\/molten_website_02-240x300.jpg 240w, https:\/\/daboomdesserts.com\/wp-content\/uploads\/2021\/10\/molten_website_02-768x960.jpg 768w\" sizes=\"(max-width: 800px) 100vw, 800px\" \/>\t\t\t\t\t\t\t\t<\/a>\n\t\t\t\t\t\t\t\t\t\t\t\t\t\t\t<\/div>\n\t\t\t\t<\/div>\n\t\t\t\t<div class=\"elementor-element elementor-element-3bf7d44 elementor-widget elementor-widget-wp-widget-swissdelight_core_button\" data-id=\"3bf7d44\" data-element_type=\"widget\" data-widget_type=\"wp-widget-swissdelight_core_button.default\">\n\t\t\t\t<div class=\"elementor-widget-container\">\n\t\t\t\t\t<a class=\"qodef-shortcode qodef-m text-center qodef-button qodef-layout--filled  qodef-html--link qodef-has-icon \" href=\"\/fr\/portions-individuelles\/\" target=\"_self\"  style=\"color: #000;background-color: transparent\">\n\t<span class=\"qodef-m-text\">Portions individuelles\t\t            <svg class=\"qodef-m-svg-icon\" xmlns=\"http:\/\/www.w3.org\/2000\/svg\" xmlns:xlink=\"http:\/\/www.w3.org\/1999\/xlink\" x=\"0px\" y=\"0px\" width=\"35.375px\" height=\"11.125px\" viewBox=\"0 0 35.375 12.125\" enable-background=\"new 0 0 35.375 12.125\" xml:space=\"preserve\"><g><line x1=\"0.198\" y1=\"6.078\" x2=\"35.088\" y2=\"6.047\"\/><line x1=\"29.823\" y1=\"1\" x2=\"34.745\" y2=\"5.922\"\/><line x1=\"29.823\" y1=\"11.125\" x2=\"34.745\" y2=\"6.203\"\/><\/g><\/svg>\t\t\t<\/span>\n<\/a>\n\t\t\t\t<\/div>\n\t\t\t\t<\/div>\n\t\t\t\t\t<\/div>\n\t\t<\/div>\n\t\t\t\t<div class=\"elementor-column elementor-col-33 elementor-top-column elementor-element elementor-element-8e7899e text-center\" data-id=\"8e7899e\" data-element_type=\"column\">\n\t\t\t<div class=\"elementor-widget-wrap elementor-element-populated\">\n\t\t\t\t\t\t<div class=\"elementor-element elementor-element-f7b31e8 elementor-widget elementor-widget-image\" data-id=\"f7b31e8\" data-element_type=\"widget\" data-widget_type=\"image.default\">\n\t\t\t\t<div class=\"elementor-widget-container\">\n\t\t\t\t\t\t\t\t\t\t\t\t\t\t\t\t<a href=\"\/fr\/desserts-vegetaliens\/\">\n\t\t\t\t\t\t\t<img loading=\"lazy\" decoding=\"async\" width=\"700\" height=\"875\" src=\"https:\/\/daboomdesserts.com\/wp-content\/uploads\/2021\/11\/CrazyBrownie_Thumbnail_2-1.jpg\" class=\"attachment-large size-large wp-image-16287\" alt=\"\" srcset=\"https:\/\/daboomdesserts.com\/wp-content\/uploads\/2021\/11\/CrazyBrownie_Thumbnail_2-1.jpg 700w, https:\/\/daboomdesserts.com\/wp-content\/uploads\/2021\/11\/CrazyBrownie_Thumbnail_2-1-240x300.jpg 240w\" sizes=\"(max-width: 700px) 100vw, 700px\" \/>\t\t\t\t\t\t\t\t<\/a>\n\t\t\t\t\t\t\t\t\t\t\t\t\t\t\t<\/div>\n\t\t\t\t<\/div>\n\t\t\t\t<div class=\"elementor-element elementor-element-6d160c2 elementor-widget elementor-widget-wp-widget-swissdelight_core_button\" data-id=\"6d160c2\" data-element_type=\"widget\" data-widget_type=\"wp-widget-swissdelight_core_button.default\">\n\t\t\t\t<div class=\"elementor-widget-container\">\n\t\t\t\t\t<a class=\"qodef-shortcode qodef-m text-center qodef-button qodef-layout--filled  qodef-html--link qodef-has-icon \" href=\"\/fr\/desserts-vegetaliens\/\" target=\"_self\"  style=\"color: #000;background-color: transparent\">\n\t<span class=\"qodef-m-text\">Desserts V\u00e9g\u00e9taliens\t\t            <svg class=\"qodef-m-svg-icon\" xmlns=\"http:\/\/www.w3.org\/2000\/svg\" xmlns:xlink=\"http:\/\/www.w3.org\/1999\/xlink\" x=\"0px\" y=\"0px\" width=\"35.375px\" height=\"11.125px\" viewBox=\"0 0 35.375 12.125\" enable-background=\"new 0 0 35.375 12.125\" xml:space=\"preserve\"><g><line x1=\"0.198\" y1=\"6.078\" x2=\"35.088\" y2=\"6.047\"\/><line x1=\"29.823\" y1=\"1\" x2=\"34.745\" y2=\"5.922\"\/><line x1=\"29.823\" y1=\"11.125\" x2=\"34.745\" y2=\"6.203\"\/><\/g><\/svg>\t\t\t<\/span>\n<\/a>\n\t\t\t\t<\/div>\n\t\t\t\t<\/div>\n\t\t\t\t\t<\/div>\n\t\t<\/div>\n\t\t\t\t<div class=\"elementor-column elementor-col-33 elementor-top-column elementor-element elementor-element-041d193 text-center\" data-id=\"041d193\" data-element_type=\"column\">\n\t\t\t<div class=\"elementor-widget-wrap elementor-element-populated\">\n\t\t\t\t\t\t<div class=\"elementor-element elementor-element-9ce597e elementor-widget elementor-widget-image\" data-id=\"9ce597e\" data-element_type=\"widget\" data-widget_type=\"image.default\">\n\t\t\t\t<div class=\"elementor-widget-container\">\n\t\t\t\t\t\t\t\t\t\t\t\t\t\t\t\t<a href=\"\/fr\/sans-gluten\/\">\n\t\t\t\t\t\t\t<img loading=\"lazy\" decoding=\"async\" width=\"700\" height=\"875\" src=\"https:\/\/daboomdesserts.com\/wp-content\/uploads\/2021\/10\/Over-the-top_thumbnail.jpg\" class=\"attachment-large size-large wp-image-16301\" alt=\"\" srcset=\"https:\/\/daboomdesserts.com\/wp-content\/uploads\/2021\/10\/Over-the-top_thumbnail.jpg 700w, https:\/\/daboomdesserts.com\/wp-content\/uploads\/2021\/10\/Over-the-top_thumbnail-240x300.jpg 240w\" sizes=\"(max-width: 700px) 100vw, 700px\" \/>\t\t\t\t\t\t\t\t<\/a>\n\t\t\t\t\t\t\t\t\t\t\t\t\t\t\t<\/div>\n\t\t\t\t<\/div>\n\t\t\t\t<div class=\"elementor-element elementor-element-4f6be3a elementor-widget elementor-widget-wp-widget-swissdelight_core_button\" data-id=\"4f6be3a\" data-element_type=\"widget\" data-widget_type=\"wp-widget-swissdelight_core_button.default\">\n\t\t\t\t<div class=\"elementor-widget-container\">\n\t\t\t\t\t<a class=\"qodef-shortcode qodef-m text-center qodef-button qodef-layout--filled  qodef-html--link qodef-has-icon \" href=\"\/fr\/sans-gluten\/\" target=\"_self\"  style=\"color: #000;background-color: transparent\">\n\t<span class=\"qodef-m-text\">Sans Gluten\t\t            <svg class=\"qodef-m-svg-icon\" xmlns=\"http:\/\/www.w3.org\/2000\/svg\" xmlns:xlink=\"http:\/\/www.w3.org\/1999\/xlink\" x=\"0px\" y=\"0px\" width=\"35.375px\" height=\"11.125px\" viewBox=\"0 0 35.375 12.125\" enable-background=\"new 0 0 35.375 12.125\" xml:space=\"preserve\"><g><line x1=\"0.198\" y1=\"6.078\" x2=\"35.088\" y2=\"6.047\"\/><line x1=\"29.823\" y1=\"1\" x2=\"34.745\" y2=\"5.922\"\/><line x1=\"29.823\" y1=\"11.125\" x2=\"34.745\" y2=\"6.203\"\/><\/g><\/svg>\t\t\t<\/span>\n<\/a>\n\t\t\t\t<\/div>\n\t\t\t\t<\/div>\n\t\t\t\t\t<\/div>\n\t\t<\/div>\n\t\t\t\t\t<\/div>\n\t\t<\/section>\n\t\t\t\t<\/div>\n\t\t","protected":false},"excerpt":{"rendered":"","protected":false},"author":5,"featured_media":0,"parent":0,"menu_order":0,"comment_status":"closed","ping_status":"closed","template":"","meta":{"_acf_changed":false,"content-type":"","footnotes":""},"class_list":["post-13819","page","type-page","status-publish","hentry"],"acf":[],"yoast_head":"<!-- This site is optimized with the Yoast SEO plugin v25.5 - https:\/\/yoast.com\/wordpress\/plugins\/seo\/ -->\n<title>Cat\u00e9gories de desserts - Daboom Desserts<\/title>\n<meta name=\"robots\" content=\"index, follow, max-snippet:-1, max-image-preview:large, max-video-preview:-1\" \/>\n<link rel=\"canonical\" href=\"https:\/\/daboomdesserts.com\/fr\/categories-de-desserts\/\" \/>\n<meta property=\"og:locale\" content=\"fr_FR\" \/>\n<meta property=\"og:type\" content=\"article\" \/>\n<meta property=\"og:title\" content=\"Cat\u00e9gories de desserts - Daboom Desserts\" \/>\n<meta property=\"og:url\" content=\"https:\/\/daboomdesserts.com\/fr\/categories-de-desserts\/\" \/>\n<meta property=\"og:site_name\" content=\"Daboom Desserts\" \/>\n<meta property=\"article:modified_time\" content=\"2026-03-19T15:24:15+00:00\" \/>\n<meta property=\"og:image\" content=\"https:\/\/daboomdesserts.com\/wp-content\/uploads\/2025\/08\/OreoBar_Website_Thumbnail.jpg\" \/>\n\t<meta property=\"og:image:width\" content=\"700\" \/>\n\t<meta property=\"og:image:height\" content=\"875\" \/>\n\t<meta property=\"og:image:type\" content=\"image\/jpeg\" \/>\n<meta name=\"twitter:card\" content=\"summary_large_image\" \/>\n<meta name=\"twitter:label1\" content=\"Dur\u00e9e de lecture estim\u00e9e\" \/>\n\t<meta name=\"twitter:data1\" content=\"2 minutes\" \/>\n<script type=\"application\/ld+json\" class=\"yoast-schema-graph\">{\"@context\":\"https:\/\/schema.org\",\"@graph\":[{\"@type\":\"WebPage\",\"@id\":\"https:\/\/daboomdesserts.com\/fr\/categories-de-desserts\/\",\"url\":\"https:\/\/daboomdesserts.com\/fr\/categories-de-desserts\/\",\"name\":\"Cat\u00e9gories de desserts - Daboom Desserts\",\"isPartOf\":{\"@id\":\"https:\/\/daboomdesserts.com\/#website\"},\"primaryImageOfPage\":{\"@id\":\"https:\/\/daboomdesserts.com\/fr\/categories-de-desserts\/#primaryimage\"},\"image\":{\"@id\":\"https:\/\/daboomdesserts.com\/fr\/categories-de-desserts\/#primaryimage\"},\"thumbnailUrl\":\"https:\/\/daboomdesserts.com\/wp-content\/uploads\/2025\/08\/OreoBar_Website_Thumbnail.jpg\",\"datePublished\":\"2021-12-07T14:47:41+00:00\",\"dateModified\":\"2026-03-19T15:24:15+00:00\",\"breadcrumb\":{\"@id\":\"https:\/\/daboomdesserts.com\/fr\/categories-de-desserts\/#breadcrumb\"},\"inLanguage\":\"fr-FR\",\"potentialAction\":[{\"@type\":\"ReadAction\",\"target\":[\"https:\/\/daboomdesserts.com\/fr\/categories-de-desserts\/\"]}]},{\"@type\":\"ImageObject\",\"inLanguage\":\"fr-FR\",\"@id\":\"https:\/\/daboomdesserts.com\/fr\/categories-de-desserts\/#primaryimage\",\"url\":\"https:\/\/daboomdesserts.com\/wp-content\/uploads\/2025\/08\/OreoBar_Website_Thumbnail.jpg\",\"contentUrl\":\"https:\/\/daboomdesserts.com\/wp-content\/uploads\/2025\/08\/OreoBar_Website_Thumbnail.jpg\"},{\"@type\":\"BreadcrumbList\",\"@id\":\"https:\/\/daboomdesserts.com\/fr\/categories-de-desserts\/#breadcrumb\",\"itemListElement\":[{\"@type\":\"ListItem\",\"position\":1,\"name\":\"Home\",\"item\":\"https:\/\/daboomdesserts.com\/fr\/\"},{\"@type\":\"ListItem\",\"position\":2,\"name\":\"Cat\u00e9gories de desserts\"}]},{\"@type\":\"WebSite\",\"@id\":\"https:\/\/daboomdesserts.com\/#website\",\"url\":\"https:\/\/daboomdesserts.com\/\",\"name\":\"Daboom Desserts\",\"description\":\"Daboom Desserts a pour objectif de cr\u00e9er des plaisirs gourmands artisanaux, faits \u00e0 la main et inoubliables \u00e0 partir d\u2019ingr\u00e9dients s\u00e9lectionn\u00e9s de source responsable.\",\"potentialAction\":[{\"@type\":\"SearchAction\",\"target\":{\"@type\":\"EntryPoint\",\"urlTemplate\":\"https:\/\/daboomdesserts.com\/?s={search_term_string}\"},\"query-input\":{\"@type\":\"PropertyValueSpecification\",\"valueRequired\":true,\"valueName\":\"search_term_string\"}}],\"inLanguage\":\"fr-FR\"}]}<\/script>\n<!-- \/ Yoast SEO plugin. -->","yoast_head_json":{"title":"Cat\u00e9gories de desserts - Daboom Desserts","robots":{"index":"index","follow":"follow","max-snippet":"max-snippet:-1","max-image-preview":"max-image-preview:large","max-video-preview":"max-video-preview:-1"},"canonical":"https:\/\/daboomdesserts.com\/fr\/categories-de-desserts\/","og_locale":"fr_FR","og_type":"article","og_title":"Cat\u00e9gories de desserts - Daboom Desserts","og_url":"https:\/\/daboomdesserts.com\/fr\/categories-de-desserts\/","og_site_name":"Daboom Desserts","article_modified_time":"2026-03-19T15:24:15+00:00","og_image":[{"width":700,"height":875,"url":"https:\/\/daboomdesserts.com\/wp-content\/uploads\/2025\/08\/OreoBar_Website_Thumbnail.jpg","type":"image\/jpeg"}],"twitter_card":"summary_large_image","twitter_misc":{"Dur\u00e9e de lecture estim\u00e9e":"2 minutes"},"schema":{"@context":"https:\/\/schema.org","@graph":[{"@type":"WebPage","@id":"https:\/\/daboomdesserts.com\/fr\/categories-de-desserts\/","url":"https:\/\/daboomdesserts.com\/fr\/categories-de-desserts\/","name":"Cat\u00e9gories de desserts - Daboom Desserts","isPartOf":{"@id":"https:\/\/daboomdesserts.com\/#website"},"primaryImageOfPage":{"@id":"https:\/\/daboomdesserts.com\/fr\/categories-de-desserts\/#primaryimage"},"image":{"@id":"https:\/\/daboomdesserts.com\/fr\/categories-de-desserts\/#primaryimage"},"thumbnailUrl":"https:\/\/daboomdesserts.com\/wp-content\/uploads\/2025\/08\/OreoBar_Website_Thumbnail.jpg","datePublished":"2021-12-07T14:47:41+00:00","dateModified":"2026-03-19T15:24:15+00:00","breadcrumb":{"@id":"https:\/\/daboomdesserts.com\/fr\/categories-de-desserts\/#breadcrumb"},"inLanguage":"fr-FR","potentialAction":[{"@type":"ReadAction","target":["https:\/\/daboomdesserts.com\/fr\/categories-de-desserts\/"]}]},{"@type":"ImageObject","inLanguage":"fr-FR","@id":"https:\/\/daboomdesserts.com\/fr\/categories-de-desserts\/#primaryimage","url":"https:\/\/daboomdesserts.com\/wp-content\/uploads\/2025\/08\/OreoBar_Website_Thumbnail.jpg","contentUrl":"https:\/\/daboomdesserts.com\/wp-content\/uploads\/2025\/08\/OreoBar_Website_Thumbnail.jpg"},{"@type":"BreadcrumbList","@id":"https:\/\/daboomdesserts.com\/fr\/categories-de-desserts\/#breadcrumb","itemListElement":[{"@type":"ListItem","position":1,"name":"Home","item":"https:\/\/daboomdesserts.com\/fr\/"},{"@type":"ListItem","position":2,"name":"Cat\u00e9gories de desserts"}]},{"@type":"WebSite","@id":"https:\/\/daboomdesserts.com\/#website","url":"https:\/\/daboomdesserts.com\/","name":"Daboom Desserts","description":"Daboom Desserts a pour objectif de cr\u00e9er des plaisirs gourmands artisanaux, faits \u00e0 la main et inoubliables \u00e0 partir d\u2019ingr\u00e9dients s\u00e9lectionn\u00e9s de source responsable.","potentialAction":[{"@type":"SearchAction","target":{"@type":"EntryPoint","urlTemplate":"https:\/\/daboomdesserts.com\/?s={search_term_string}"},"query-input":{"@type":"PropertyValueSpecification","valueRequired":true,"valueName":"search_term_string"}}],"inLanguage":"fr-FR"}]}},"_links":{"self":[{"href":"https:\/\/daboomdesserts.com\/fr\/wp-json\/wp\/v2\/pages\/13819"}],"collection":[{"href":"https:\/\/daboomdesserts.com\/fr\/wp-json\/wp\/v2\/pages"}],"about":[{"href":"https:\/\/daboomdesserts.com\/fr\/wp-json\/wp\/v2\/types\/page"}],"author":[{"embeddable":true,"href":"https:\/\/daboomdesserts.com\/fr\/wp-json\/wp\/v2\/users\/5"}],"replies":[{"embeddable":true,"href":"https:\/\/daboomdesserts.com\/fr\/wp-json\/wp\/v2\/comments?post=13819"}],"version-history":[{"count":57,"href":"https:\/\/daboomdesserts.com\/fr\/wp-json\/wp\/v2\/pages\/13819\/revisions"}],"predecessor-version":[{"id":16361,"href":"https:\/\/daboomdesserts.com\/fr\/wp-json\/wp\/v2\/pages\/13819\/revisions\/16361"}],"wp:attachment":[{"href":"https:\/\/daboomdesserts.com\/fr\/wp-json\/wp\/v2\/media?parent=13819"}],"curies":[{"name":"wp","href":"https:\/\/api.w.org\/{rel}","templated":true}]}}